{"id":435,"date":"2026-04-15T08:34:37","date_gmt":"2026-04-15T08:34:37","guid":{"rendered":"https:\/\/www.medecinesymbolique.com\/es\/?post_type=product&#038;p=435"},"modified":"2026-04-15T13:17:00","modified_gmt":"2026-04-15T13:17:00","slug":"armonizacion-habitat-habitantes","status":"publish","type":"product","link":"https:\/\/www.medecinesymbolique.com\/es\/tienda\/libro\/armonizacion-habitat-habitantes\/","title":{"rendered":"Armonizaci\u00f3n H\u00e1bitat Habitantes\u00ae"},"content":{"rendered":"\n<p><strong>Armonizaci\u00f3n H\u00e1bitat Habitantes\u00ae<\/strong><\/p>\n\n\n\n<p>\u00bfY si su casa reflejara mucho m\u00e1s de lo que imagina?\u00a0Nuestro lugar de vida es un reflejo de nosotros mismos.<br>Cuando no nos sentimos bien, cuando atravesamos conflictos familiares o emocionales, dificultades econ\u00f3micas o bloqueos profesionales, todo ello deja su huella en la atm\u00f3sfera de nuestro hogar.<br>La buena noticia es que, al armonizar el lugar donde vivimos, tambi\u00e9n podemos transformar nuestra vida cotidiana.<br>A trav\u00e9s del di\u00e1logo con el Invisible, del trabajo sobre la conciencia y de una lectura simb\u00f3lica del h\u00e1bitat, este libro propone un m\u00e9todo pr\u00e1ctico en 10 etapas para identificar bloqueos, comprender lo que se est\u00e1 jugando en nuestra vida y recuperar la armon\u00eda.<\/p>\n\n\n\n<p><strong>Para vivir mejor en casa, y tambi\u00e9n dentro de uno mismo.<\/strong><\/p>\n\n\n\n<div class=\"wp-block-columns is-layout-flex wp-container-core-columns-is-layout-9d6595d7 wp-block-columns-is-layout-flex\">\n<div class=\"wp-block-column is-layout-flow wp-block-column-is-layout-flow\">\n<h4 class=\"wp-block-heading\"><a href=\"https:\/\/www.medecinesymbolique.com\/es\/wp-content\/uploads\/sites\/3\/2026\/04\/Intro-espagnol.pdf\" title=\"Leer La Introducci\u00f3n\" target=\"_blank\" rel=\"noreferrer noopener\">Leer la introducci\u00f3n<\/a><br><br><a href=\"https:\/\/www.medecinesymbolique.com\/es\/wp-content\/uploads\/sites\/3\/2026\/04\/Chap1-espagnol.pdf\" title=\"Leer Un Capitulo\" target=\"_blank\" rel=\"noreferrer noopener\">Leer un capitulo<\/a><\/h4>\n<\/div>\n\n\n\n<div class=\"wp-block-column is-layout-flow wp-block-column-is-layout-flow\">\n<figure class=\"wp-block-image size-full\"><img loading=\"lazy\" decoding=\"async\" width=\"516\" height=\"800\" src=\"https:\/\/www.medecinesymbolique.com\/es\/wp-content\/uploads\/sites\/3\/2026\/04\/HHH-couv-verso-espagnol.jpg\" alt=\"\" class=\"wp-image-438\" srcset=\"https:\/\/www.medecinesymbolique.com\/es\/wp-content\/uploads\/sites\/3\/2026\/04\/HHH-couv-verso-espagnol.jpg 516w, https:\/\/www.medecinesymbolique.com\/es\/wp-content\/uploads\/sites\/3\/2026\/04\/HHH-couv-verso-espagnol-194x300.jpg 194w\" sizes=\"auto, (max-width: 516px) 100vw, 516px\" \/><\/figure>\n<\/div>\n<\/div>\n","protected":false},"excerpt":{"rendered":"<p>Armonizaci\u00f3n H\u00e1bitat Habitantes\u00ae \u00bfY si su casa reflejara mucho m\u00e1s de lo que imagina?\u00a0Nuestro lugar de vida es un reflejo de nosotros mismos.Cuando no nos sentimos bien, cuando atravesamos conflictos [&hellip;]<\/p>\n","protected":false},"featured_media":439,"template":"","meta":{"_acf_changed":false},"product_brand":[],"product_cat":[36],"product_tag":[],"class_list":{"0":"post-435","1":"product","2":"type-product","3":"status-publish","4":"has-post-thumbnail","6":"product_cat-libro","8":"first","9":"instock","10":"taxable","11":"shipping-taxable","12":"purchasable","13":"product-type-simple"},"acf":[],"yoast_head":"<!-- This site is optimized with the Yoast SEO plugin v27.5 - https:\/\/yoast.com\/product\/yoast-seo-wordpress\/ -->\n<title>Armonizaci\u00f3n H\u00e1bitat Habitantes\u00ae - M\u00e9decine Symbolique<\/title>\n<meta name=\"robots\" content=\"index, follow, max-snippet:-1, max-image-preview:large, max-video-preview:-1\" \/>\n<link rel=\"canonical\" href=\"https:\/\/www.medecinesymbolique.com\/es\/tienda\/libro\/armonizacion-habitat-habitantes\/\" \/>\n<meta property=\"og:locale\" content=\"es_ES\" \/>\n<meta property=\"og:type\" content=\"article\" \/>\n<meta property=\"og:title\" content=\"Armonizaci\u00f3n H\u00e1bitat Habitantes\u00ae - M\u00e9decine Symbolique\" \/>\n<meta property=\"og:description\" content=\"Armonizaci\u00f3n H\u00e1bitat Habitantes\u00ae \u00bfY si su casa reflejara mucho m\u00e1s de lo que imagina?\u00a0Nuestro lugar de vida es un reflejo de nosotros mismos.Cuando no nos sentimos bien, cuando atravesamos conflictos [&hellip;]\" \/>\n<meta property=\"og:url\" content=\"https:\/\/www.medecinesymbolique.com\/es\/tienda\/libro\/armonizacion-habitat-habitantes\/\" \/>\n<meta property=\"og:site_name\" content=\"M\u00e9decine Symbolique\" \/>\n<meta property=\"article:modified_time\" content=\"2026-04-15T13:17:00+00:00\" \/>\n<meta property=\"og:image\" content=\"https:\/\/www.medecinesymbolique.com\/es\/wp-content\/uploads\/sites\/3\/2026\/04\/HHH-couv-recto-espagnol.jpg\" \/>\n\t<meta property=\"og:image:width\" content=\"516\" \/>\n\t<meta property=\"og:image:height\" content=\"800\" \/>\n\t<meta property=\"og:image:type\" content=\"image\/jpeg\" \/>\n<meta name=\"twitter:card\" content=\"summary_large_image\" \/>\n<meta name=\"twitter:label1\" content=\"Tiempo de lectura\" \/>\n\t<meta name=\"twitter:data1\" content=\"1 minuto\" \/>\n<script type=\"application\/ld+json\" class=\"yoast-schema-graph\">{\"@context\":\"https:\\\/\\\/schema.org\",\"@graph\":[{\"@type\":\"WebPage\",\"@id\":\"https:\\\/\\\/www.medecinesymbolique.com\\\/es\\\/tienda\\\/libro\\\/armonizacion-habitat-habitantes\\\/\",\"url\":\"https:\\\/\\\/www.medecinesymbolique.com\\\/es\\\/tienda\\\/libro\\\/armonizacion-habitat-habitantes\\\/\",\"name\":\"Armonizaci\u00f3n H\u00e1bitat Habitantes\u00ae - M\u00e9decine Symbolique\",\"isPartOf\":{\"@id\":\"https:\\\/\\\/www.medecinesymbolique.com\\\/es\\\/#website\"},\"primaryImageOfPage\":{\"@id\":\"https:\\\/\\\/www.medecinesymbolique.com\\\/es\\\/tienda\\\/libro\\\/armonizacion-habitat-habitantes\\\/#primaryimage\"},\"image\":{\"@id\":\"https:\\\/\\\/www.medecinesymbolique.com\\\/es\\\/tienda\\\/libro\\\/armonizacion-habitat-habitantes\\\/#primaryimage\"},\"thumbnailUrl\":\"https:\\\/\\\/www.medecinesymbolique.com\\\/es\\\/wp-content\\\/uploads\\\/sites\\\/3\\\/2026\\\/04\\\/HHH-couv-recto-espagnol.jpg\",\"datePublished\":\"2026-04-15T08:34:37+00:00\",\"dateModified\":\"2026-04-15T13:17:00+00:00\",\"breadcrumb\":{\"@id\":\"https:\\\/\\\/www.medecinesymbolique.com\\\/es\\\/tienda\\\/libro\\\/armonizacion-habitat-habitantes\\\/#breadcrumb\"},\"inLanguage\":\"es\",\"potentialAction\":[{\"@type\":\"ReadAction\",\"target\":[\"https:\\\/\\\/www.medecinesymbolique.com\\\/es\\\/tienda\\\/libro\\\/armonizacion-habitat-habitantes\\\/\"]}]},{\"@type\":\"ImageObject\",\"inLanguage\":\"es\",\"@id\":\"https:\\\/\\\/www.medecinesymbolique.com\\\/es\\\/tienda\\\/libro\\\/armonizacion-habitat-habitantes\\\/#primaryimage\",\"url\":\"https:\\\/\\\/www.medecinesymbolique.com\\\/es\\\/wp-content\\\/uploads\\\/sites\\\/3\\\/2026\\\/04\\\/HHH-couv-recto-espagnol.jpg\",\"contentUrl\":\"https:\\\/\\\/www.medecinesymbolique.com\\\/es\\\/wp-content\\\/uploads\\\/sites\\\/3\\\/2026\\\/04\\\/HHH-couv-recto-espagnol.jpg\",\"width\":516,\"height\":800},{\"@type\":\"BreadcrumbList\",\"@id\":\"https:\\\/\\\/www.medecinesymbolique.com\\\/es\\\/tienda\\\/libro\\\/armonizacion-habitat-habitantes\\\/#breadcrumb\",\"itemListElement\":[{\"@type\":\"ListItem\",\"position\":1,\"name\":\"Accueil\",\"item\":\"https:\\\/\\\/www.medecinesymbolique.com\\\/es\\\/\"},{\"@type\":\"ListItem\",\"position\":2,\"name\":\"Armonizaci\u00f3n H\u00e1bitat Habitantes\u00ae\"}]},{\"@type\":\"WebSite\",\"@id\":\"https:\\\/\\\/www.medecinesymbolique.com\\\/es\\\/#website\",\"url\":\"https:\\\/\\\/www.medecinesymbolique.com\\\/es\\\/\",\"name\":\"M\u00e9decine Symbolique\",\"description\":\"\",\"potentialAction\":[{\"@type\":\"SearchAction\",\"target\":{\"@type\":\"EntryPoint\",\"urlTemplate\":\"https:\\\/\\\/www.medecinesymbolique.com\\\/es\\\/?s={search_term_string}\"},\"query-input\":{\"@type\":\"PropertyValueSpecification\",\"valueRequired\":true,\"valueName\":\"search_term_string\"}}],\"inLanguage\":\"es\"}]}<\/script>\n<!-- \/ Yoast SEO plugin. -->","yoast_head_json":{"title":"Armonizaci\u00f3n H\u00e1bitat Habitantes\u00ae - M\u00e9decine Symbolique","robots":{"index":"index","follow":"follow","max-snippet":"max-snippet:-1","max-image-preview":"max-image-preview:large","max-video-preview":"max-video-preview:-1"},"canonical":"https:\/\/www.medecinesymbolique.com\/es\/tienda\/libro\/armonizacion-habitat-habitantes\/","og_locale":"es_ES","og_type":"article","og_title":"Armonizaci\u00f3n H\u00e1bitat Habitantes\u00ae - M\u00e9decine Symbolique","og_description":"Armonizaci\u00f3n H\u00e1bitat Habitantes\u00ae \u00bfY si su casa reflejara mucho m\u00e1s de lo que imagina?\u00a0Nuestro lugar de vida es un reflejo de nosotros mismos.Cuando no nos sentimos bien, cuando atravesamos conflictos [&hellip;]","og_url":"https:\/\/www.medecinesymbolique.com\/es\/tienda\/libro\/armonizacion-habitat-habitantes\/","og_site_name":"M\u00e9decine Symbolique","article_modified_time":"2026-04-15T13:17:00+00:00","og_image":[{"width":516,"height":800,"url":"https:\/\/www.medecinesymbolique.com\/es\/wp-content\/uploads\/sites\/3\/2026\/04\/HHH-couv-recto-espagnol.jpg","type":"image\/jpeg"}],"twitter_card":"summary_large_image","twitter_misc":{"Tiempo de lectura":"1 minuto"},"schema":{"@context":"https:\/\/schema.org","@graph":[{"@type":"WebPage","@id":"https:\/\/www.medecinesymbolique.com\/es\/tienda\/libro\/armonizacion-habitat-habitantes\/","url":"https:\/\/www.medecinesymbolique.com\/es\/tienda\/libro\/armonizacion-habitat-habitantes\/","name":"Armonizaci\u00f3n H\u00e1bitat Habitantes\u00ae - M\u00e9decine Symbolique","isPartOf":{"@id":"https:\/\/www.medecinesymbolique.com\/es\/#website"},"primaryImageOfPage":{"@id":"https:\/\/www.medecinesymbolique.com\/es\/tienda\/libro\/armonizacion-habitat-habitantes\/#primaryimage"},"image":{"@id":"https:\/\/www.medecinesymbolique.com\/es\/tienda\/libro\/armonizacion-habitat-habitantes\/#primaryimage"},"thumbnailUrl":"https:\/\/www.medecinesymbolique.com\/es\/wp-content\/uploads\/sites\/3\/2026\/04\/HHH-couv-recto-espagnol.jpg","datePublished":"2026-04-15T08:34:37+00:00","dateModified":"2026-04-15T13:17:00+00:00","breadcrumb":{"@id":"https:\/\/www.medecinesymbolique.com\/es\/tienda\/libro\/armonizacion-habitat-habitantes\/#breadcrumb"},"inLanguage":"es","potentialAction":[{"@type":"ReadAction","target":["https:\/\/www.medecinesymbolique.com\/es\/tienda\/libro\/armonizacion-habitat-habitantes\/"]}]},{"@type":"ImageObject","inLanguage":"es","@id":"https:\/\/www.medecinesymbolique.com\/es\/tienda\/libro\/armonizacion-habitat-habitantes\/#primaryimage","url":"https:\/\/www.medecinesymbolique.com\/es\/wp-content\/uploads\/sites\/3\/2026\/04\/HHH-couv-recto-espagnol.jpg","contentUrl":"https:\/\/www.medecinesymbolique.com\/es\/wp-content\/uploads\/sites\/3\/2026\/04\/HHH-couv-recto-espagnol.jpg","width":516,"height":800},{"@type":"BreadcrumbList","@id":"https:\/\/www.medecinesymbolique.com\/es\/tienda\/libro\/armonizacion-habitat-habitantes\/#breadcrumb","itemListElement":[{"@type":"ListItem","position":1,"name":"Accueil","item":"https:\/\/www.medecinesymbolique.com\/es\/"},{"@type":"ListItem","position":2,"name":"Armonizaci\u00f3n H\u00e1bitat Habitantes\u00ae"}]},{"@type":"WebSite","@id":"https:\/\/www.medecinesymbolique.com\/es\/#website","url":"https:\/\/www.medecinesymbolique.com\/es\/","name":"M\u00e9decine Symbolique","description":"","potentialAction":[{"@type":"SearchAction","target":{"@type":"EntryPoint","urlTemplate":"https:\/\/www.medecinesymbolique.com\/es\/?s={search_term_string}"},"query-input":{"@type":"PropertyValueSpecification","valueRequired":true,"valueName":"search_term_string"}}],"inLanguage":"es"}]}},"_links":{"self":[{"href":"https:\/\/www.medecinesymbolique.com\/es\/wp-json\/wp\/v2\/product\/435","targetHints":{"allow":["GET"]}}],"collection":[{"href":"https:\/\/www.medecinesymbolique.com\/es\/wp-json\/wp\/v2\/product"}],"about":[{"href":"https:\/\/www.medecinesymbolique.com\/es\/wp-json\/wp\/v2\/types\/product"}],"wp:featuredmedia":[{"embeddable":true,"href":"https:\/\/www.medecinesymbolique.com\/es\/wp-json\/wp\/v2\/media\/439"}],"wp:attachment":[{"href":"https:\/\/www.medecinesymbolique.com\/es\/wp-json\/wp\/v2\/media?parent=435"}],"wp:term":[{"taxonomy":"product_brand","embeddable":true,"href":"https:\/\/www.medecinesymbolique.com\/es\/wp-json\/wp\/v2\/product_brand?post=435"},{"taxonomy":"product_cat","embeddable":true,"href":"https:\/\/www.medecinesymbolique.com\/es\/wp-json\/wp\/v2\/product_cat?post=435"},{"taxonomy":"product_tag","embeddable":true,"href":"https:\/\/www.medecinesymbolique.com\/es\/wp-json\/wp\/v2\/product_tag?post=435"}],"curies":[{"name":"wp","href":"https:\/\/api.w.org\/{rel}","templated":true}]}}