{"id":233,"date":"2019-11-26T11:18:35","date_gmt":"2019-11-26T11:18:35","guid":{"rendered":"http:\/\/www.medecinesymbolique.com\/es\/?post_type=product&#038;p=233"},"modified":"2023-07-27T12:25:16","modified_gmt":"2023-07-27T12:25:16","slug":"dvd-de-aprendizaje-de-los-varillas","status":"publish","type":"product","link":"https:\/\/www.medecinesymbolique.com\/es\/tienda\/dvd\/dvd-de-aprendizaje-de-los-varillas\/","title":{"rendered":"DVD de aprendizaje de los varillas"},"content":{"rendered":"<p><strong>Con este DVD introductorio, se mueve paso a paso, sin problemas, y a trav\u00e9s de ejercicios simples.<\/strong><br \/>\n&#8211; C\u00f3mo sostener las varillas, y los errores frecuentes,<br \/>\n&#8211; Posicionamiento f\u00edsico e interno,<br \/>\n&#8211; Moverse,<br \/>\n&#8211; siga varias formas,<br \/>\n&#8211; Pruebas s\u00ed \/ no, c\u00f3mo fechar un fen\u00f3meno.<\/p>\n<p>El DVD tambi\u00e9n incluye ejercicios de desbloqueo de Qi Gong y \u201cCinco tibetanos\u201d, todo esto para estar centrado y en una buena energ\u00eda para la pr\u00e1ctica.<\/p>\n<p><strong>Este DVD constituye un primer acercamiento a la medicina simb\u00f3lica del h\u00e1bitat.<\/strong><\/p>\n","protected":false},"excerpt":{"rendered":"<p>Con este DVD introductorio, se mueve paso a paso, sin problemas, y a trav\u00e9s de ejercicios simples. &#8211; C\u00f3mo sostener las varillas, y los errores frecuentes, &#8211; Posicionamiento f\u00edsico e [&hellip;]<\/p>\n","protected":false},"featured_media":232,"template":"","meta":{"_acf_changed":false},"product_brand":[],"product_cat":[28],"product_tag":[],"class_list":{"0":"post-233","1":"product","2":"type-product","3":"status-publish","4":"has-post-thumbnail","6":"product_cat-dvd","8":"first","9":"instock","10":"taxable","11":"shipping-taxable","12":"purchasable","13":"product-type-simple"},"acf":[],"yoast_head":"<!-- This site is optimized with the Yoast SEO plugin v27.5 - https:\/\/yoast.com\/product\/yoast-seo-wordpress\/ -->\n<title>DVD de aprendizaje de los varillas - M\u00e9decine Symbolique<\/title>\n<meta name=\"robots\" content=\"index, follow, max-snippet:-1, max-image-preview:large, max-video-preview:-1\" \/>\n<link rel=\"canonical\" href=\"https:\/\/www.medecinesymbolique.com\/es\/tienda\/dvd\/dvd-de-aprendizaje-de-los-varillas\/\" \/>\n<meta property=\"og:locale\" content=\"es_ES\" \/>\n<meta property=\"og:type\" content=\"article\" \/>\n<meta property=\"og:title\" content=\"DVD de aprendizaje de los varillas - M\u00e9decine Symbolique\" \/>\n<meta property=\"og:description\" content=\"Con este DVD introductorio, se mueve paso a paso, sin problemas, y a trav\u00e9s de ejercicios simples. &#8211; C\u00f3mo sostener las varillas, y los errores frecuentes, &#8211; Posicionamiento f\u00edsico e [&hellip;]\" \/>\n<meta property=\"og:url\" content=\"https:\/\/www.medecinesymbolique.com\/es\/tienda\/dvd\/dvd-de-aprendizaje-de-los-varillas\/\" \/>\n<meta property=\"og:site_name\" content=\"M\u00e9decine Symbolique\" \/>\n<meta property=\"article:modified_time\" content=\"2023-07-27T12:25:16+00:00\" \/>\n<meta property=\"og:image\" content=\"https:\/\/www.medecinesymbolique.com\/es\/wp-content\/uploads\/sites\/3\/2019\/11\/dvd-baguettes-1.jpg\" \/>\n\t<meta property=\"og:image:width\" content=\"524\" \/>\n\t<meta property=\"og:image:height\" content=\"800\" \/>\n\t<meta property=\"og:image:type\" content=\"image\/jpeg\" \/>\n<meta name=\"twitter:card\" content=\"summary_large_image\" \/>\n<meta name=\"twitter:label1\" content=\"Tiempo de lectura\" \/>\n\t<meta name=\"twitter:data1\" content=\"1 minuto\" \/>\n<script type=\"application\/ld+json\" class=\"yoast-schema-graph\">{\"@context\":\"https:\\\/\\\/schema.org\",\"@graph\":[{\"@type\":\"WebPage\",\"@id\":\"https:\\\/\\\/www.medecinesymbolique.com\\\/es\\\/tienda\\\/dvd\\\/dvd-de-aprendizaje-de-los-varillas\\\/\",\"url\":\"https:\\\/\\\/www.medecinesymbolique.com\\\/es\\\/tienda\\\/dvd\\\/dvd-de-aprendizaje-de-los-varillas\\\/\",\"name\":\"DVD de aprendizaje de los varillas - M\u00e9decine Symbolique\",\"isPartOf\":{\"@id\":\"https:\\\/\\\/www.medecinesymbolique.com\\\/es\\\/#website\"},\"primaryImageOfPage\":{\"@id\":\"https:\\\/\\\/www.medecinesymbolique.com\\\/es\\\/tienda\\\/dvd\\\/dvd-de-aprendizaje-de-los-varillas\\\/#primaryimage\"},\"image\":{\"@id\":\"https:\\\/\\\/www.medecinesymbolique.com\\\/es\\\/tienda\\\/dvd\\\/dvd-de-aprendizaje-de-los-varillas\\\/#primaryimage\"},\"thumbnailUrl\":\"https:\\\/\\\/www.medecinesymbolique.com\\\/es\\\/wp-content\\\/uploads\\\/sites\\\/3\\\/2019\\\/11\\\/dvd-baguettes-1.jpg\",\"datePublished\":\"2019-11-26T11:18:35+00:00\",\"dateModified\":\"2023-07-27T12:25:16+00:00\",\"breadcrumb\":{\"@id\":\"https:\\\/\\\/www.medecinesymbolique.com\\\/es\\\/tienda\\\/dvd\\\/dvd-de-aprendizaje-de-los-varillas\\\/#breadcrumb\"},\"inLanguage\":\"es\",\"potentialAction\":[{\"@type\":\"ReadAction\",\"target\":[\"https:\\\/\\\/www.medecinesymbolique.com\\\/es\\\/tienda\\\/dvd\\\/dvd-de-aprendizaje-de-los-varillas\\\/\"]}]},{\"@type\":\"ImageObject\",\"inLanguage\":\"es\",\"@id\":\"https:\\\/\\\/www.medecinesymbolique.com\\\/es\\\/tienda\\\/dvd\\\/dvd-de-aprendizaje-de-los-varillas\\\/#primaryimage\",\"url\":\"https:\\\/\\\/www.medecinesymbolique.com\\\/es\\\/wp-content\\\/uploads\\\/sites\\\/3\\\/2019\\\/11\\\/dvd-baguettes-1.jpg\",\"contentUrl\":\"https:\\\/\\\/www.medecinesymbolique.com\\\/es\\\/wp-content\\\/uploads\\\/sites\\\/3\\\/2019\\\/11\\\/dvd-baguettes-1.jpg\",\"width\":524,\"height\":800},{\"@type\":\"BreadcrumbList\",\"@id\":\"https:\\\/\\\/www.medecinesymbolique.com\\\/es\\\/tienda\\\/dvd\\\/dvd-de-aprendizaje-de-los-varillas\\\/#breadcrumb\",\"itemListElement\":[{\"@type\":\"ListItem\",\"position\":1,\"name\":\"Accueil\",\"item\":\"https:\\\/\\\/www.medecinesymbolique.com\\\/es\\\/\"},{\"@type\":\"ListItem\",\"position\":2,\"name\":\"DVD de aprendizaje de los varillas\"}]},{\"@type\":\"WebSite\",\"@id\":\"https:\\\/\\\/www.medecinesymbolique.com\\\/es\\\/#website\",\"url\":\"https:\\\/\\\/www.medecinesymbolique.com\\\/es\\\/\",\"name\":\"M\u00e9decine Symbolique\",\"description\":\"\",\"potentialAction\":[{\"@type\":\"SearchAction\",\"target\":{\"@type\":\"EntryPoint\",\"urlTemplate\":\"https:\\\/\\\/www.medecinesymbolique.com\\\/es\\\/?s={search_term_string}\"},\"query-input\":{\"@type\":\"PropertyValueSpecification\",\"valueRequired\":true,\"valueName\":\"search_term_string\"}}],\"inLanguage\":\"es\"}]}<\/script>\n<!-- \/ Yoast SEO plugin. -->","yoast_head_json":{"title":"DVD de aprendizaje de los varillas - M\u00e9decine Symbolique","robots":{"index":"index","follow":"follow","max-snippet":"max-snippet:-1","max-image-preview":"max-image-preview:large","max-video-preview":"max-video-preview:-1"},"canonical":"https:\/\/www.medecinesymbolique.com\/es\/tienda\/dvd\/dvd-de-aprendizaje-de-los-varillas\/","og_locale":"es_ES","og_type":"article","og_title":"DVD de aprendizaje de los varillas - M\u00e9decine Symbolique","og_description":"Con este DVD introductorio, se mueve paso a paso, sin problemas, y a trav\u00e9s de ejercicios simples. &#8211; C\u00f3mo sostener las varillas, y los errores frecuentes, &#8211; Posicionamiento f\u00edsico e [&hellip;]","og_url":"https:\/\/www.medecinesymbolique.com\/es\/tienda\/dvd\/dvd-de-aprendizaje-de-los-varillas\/","og_site_name":"M\u00e9decine Symbolique","article_modified_time":"2023-07-27T12:25:16+00:00","og_image":[{"width":524,"height":800,"url":"https:\/\/www.medecinesymbolique.com\/es\/wp-content\/uploads\/sites\/3\/2019\/11\/dvd-baguettes-1.jpg","type":"image\/jpeg"}],"twitter_card":"summary_large_image","twitter_misc":{"Tiempo de lectura":"1 minuto"},"schema":{"@context":"https:\/\/schema.org","@graph":[{"@type":"WebPage","@id":"https:\/\/www.medecinesymbolique.com\/es\/tienda\/dvd\/dvd-de-aprendizaje-de-los-varillas\/","url":"https:\/\/www.medecinesymbolique.com\/es\/tienda\/dvd\/dvd-de-aprendizaje-de-los-varillas\/","name":"DVD de aprendizaje de los varillas - M\u00e9decine Symbolique","isPartOf":{"@id":"https:\/\/www.medecinesymbolique.com\/es\/#website"},"primaryImageOfPage":{"@id":"https:\/\/www.medecinesymbolique.com\/es\/tienda\/dvd\/dvd-de-aprendizaje-de-los-varillas\/#primaryimage"},"image":{"@id":"https:\/\/www.medecinesymbolique.com\/es\/tienda\/dvd\/dvd-de-aprendizaje-de-los-varillas\/#primaryimage"},"thumbnailUrl":"https:\/\/www.medecinesymbolique.com\/es\/wp-content\/uploads\/sites\/3\/2019\/11\/dvd-baguettes-1.jpg","datePublished":"2019-11-26T11:18:35+00:00","dateModified":"2023-07-27T12:25:16+00:00","breadcrumb":{"@id":"https:\/\/www.medecinesymbolique.com\/es\/tienda\/dvd\/dvd-de-aprendizaje-de-los-varillas\/#breadcrumb"},"inLanguage":"es","potentialAction":[{"@type":"ReadAction","target":["https:\/\/www.medecinesymbolique.com\/es\/tienda\/dvd\/dvd-de-aprendizaje-de-los-varillas\/"]}]},{"@type":"ImageObject","inLanguage":"es","@id":"https:\/\/www.medecinesymbolique.com\/es\/tienda\/dvd\/dvd-de-aprendizaje-de-los-varillas\/#primaryimage","url":"https:\/\/www.medecinesymbolique.com\/es\/wp-content\/uploads\/sites\/3\/2019\/11\/dvd-baguettes-1.jpg","contentUrl":"https:\/\/www.medecinesymbolique.com\/es\/wp-content\/uploads\/sites\/3\/2019\/11\/dvd-baguettes-1.jpg","width":524,"height":800},{"@type":"BreadcrumbList","@id":"https:\/\/www.medecinesymbolique.com\/es\/tienda\/dvd\/dvd-de-aprendizaje-de-los-varillas\/#breadcrumb","itemListElement":[{"@type":"ListItem","position":1,"name":"Accueil","item":"https:\/\/www.medecinesymbolique.com\/es\/"},{"@type":"ListItem","position":2,"name":"DVD de aprendizaje de los varillas"}]},{"@type":"WebSite","@id":"https:\/\/www.medecinesymbolique.com\/es\/#website","url":"https:\/\/www.medecinesymbolique.com\/es\/","name":"M\u00e9decine Symbolique","description":"","potentialAction":[{"@type":"SearchAction","target":{"@type":"EntryPoint","urlTemplate":"https:\/\/www.medecinesymbolique.com\/es\/?s={search_term_string}"},"query-input":{"@type":"PropertyValueSpecification","valueRequired":true,"valueName":"search_term_string"}}],"inLanguage":"es"}]}},"_links":{"self":[{"href":"https:\/\/www.medecinesymbolique.com\/es\/wp-json\/wp\/v2\/product\/233","targetHints":{"allow":["GET"]}}],"collection":[{"href":"https:\/\/www.medecinesymbolique.com\/es\/wp-json\/wp\/v2\/product"}],"about":[{"href":"https:\/\/www.medecinesymbolique.com\/es\/wp-json\/wp\/v2\/types\/product"}],"wp:featuredmedia":[{"embeddable":true,"href":"https:\/\/www.medecinesymbolique.com\/es\/wp-json\/wp\/v2\/media\/232"}],"wp:attachment":[{"href":"https:\/\/www.medecinesymbolique.com\/es\/wp-json\/wp\/v2\/media?parent=233"}],"wp:term":[{"taxonomy":"product_brand","embeddable":true,"href":"https:\/\/www.medecinesymbolique.com\/es\/wp-json\/wp\/v2\/product_brand?post=233"},{"taxonomy":"product_cat","embeddable":true,"href":"https:\/\/www.medecinesymbolique.com\/es\/wp-json\/wp\/v2\/product_cat?post=233"},{"taxonomy":"product_tag","embeddable":true,"href":"https:\/\/www.medecinesymbolique.com\/es\/wp-json\/wp\/v2\/product_tag?post=233"}],"curies":[{"name":"wp","href":"https:\/\/api.w.org\/{rel}","templated":true}]}}