{"id":179,"date":"2019-11-25T15:00:22","date_gmt":"2019-11-25T15:00:22","guid":{"rendered":"http:\/\/www.medecinesymbolique.com\/es\/?post_type=product&#038;p=179"},"modified":"2023-07-27T12:25:59","modified_gmt":"2023-07-27T12:25:59","slug":"radmaster","status":"publish","type":"product","link":"https:\/\/www.medecinesymbolique.com\/es\/tienda\/varillas\/radmaster\/","title":{"rendered":"Varillas (Radmaster)"},"content":{"rendered":"<p><strong>Varillas de detecci\u00f3n anguladas, ideales para todas las pr\u00e1cticas (en radiestesia, geobiolog\u00eda, feng shui, medicina alternativa y energ\u00e9tica).<\/strong><br \/>\nTambi\u00e9n se utilizan para la pr\u00e1ctica de la medicina simb\u00f3lica.<br \/>\nCada par de varillas se prueba individualmente antes de colocarlas en una caja.<\/p>\n<p><strong>Ligeros y ergon\u00f3micos, te permitir\u00e1n una pr\u00e1ctica f\u00e1cil.<\/strong><\/p>\n","protected":false},"excerpt":{"rendered":"<p>Varillas de detecci\u00f3n anguladas, ideales para todas las pr\u00e1cticas (en radiestesia, geobiolog\u00eda, feng shui, medicina alternativa y energ\u00e9tica). Tambi\u00e9n se utilizan para la pr\u00e1ctica de la medicina simb\u00f3lica. Cada par [&hellip;]<\/p>\n","protected":false},"featured_media":230,"template":"","meta":{"_acf_changed":false},"product_brand":[],"product_cat":[27],"product_tag":[],"class_list":{"0":"post-179","1":"product","2":"type-product","3":"status-publish","4":"has-post-thumbnail","6":"product_cat-varillas","8":"first","9":"instock","10":"taxable","11":"shipping-taxable","12":"purchasable","13":"product-type-simple"},"acf":[],"yoast_head":"<!-- This site is optimized with the Yoast SEO plugin v27.5 - https:\/\/yoast.com\/product\/yoast-seo-wordpress\/ -->\n<title>Varillas (Radmaster) - M\u00e9decine Symbolique<\/title>\n<meta name=\"robots\" content=\"index, follow, max-snippet:-1, max-image-preview:large, max-video-preview:-1\" \/>\n<link rel=\"canonical\" href=\"https:\/\/www.medecinesymbolique.com\/es\/tienda\/varillas\/radmaster\/\" \/>\n<meta property=\"og:locale\" content=\"es_ES\" \/>\n<meta property=\"og:type\" content=\"article\" \/>\n<meta property=\"og:title\" content=\"Varillas (Radmaster) - M\u00e9decine Symbolique\" \/>\n<meta property=\"og:description\" content=\"Varillas de detecci\u00f3n anguladas, ideales para todas las pr\u00e1cticas (en radiestesia, geobiolog\u00eda, feng shui, medicina alternativa y energ\u00e9tica). Tambi\u00e9n se utilizan para la pr\u00e1ctica de la medicina simb\u00f3lica. Cada par [&hellip;]\" \/>\n<meta property=\"og:url\" content=\"https:\/\/www.medecinesymbolique.com\/es\/tienda\/varillas\/radmaster\/\" \/>\n<meta property=\"og:site_name\" content=\"M\u00e9decine Symbolique\" \/>\n<meta property=\"article:modified_time\" content=\"2023-07-27T12:25:59+00:00\" \/>\n<meta property=\"og:image\" content=\"https:\/\/www.medecinesymbolique.com\/es\/wp-content\/uploads\/sites\/3\/2019\/11\/baguettes-1.jpg\" \/>\n\t<meta property=\"og:image:width\" content=\"471\" \/>\n\t<meta property=\"og:image:height\" content=\"800\" \/>\n\t<meta property=\"og:image:type\" content=\"image\/jpeg\" \/>\n<meta name=\"twitter:card\" content=\"summary_large_image\" \/>\n<meta name=\"twitter:label1\" content=\"Tiempo de lectura\" \/>\n\t<meta name=\"twitter:data1\" content=\"1 minuto\" \/>\n<script type=\"application\/ld+json\" class=\"yoast-schema-graph\">{\"@context\":\"https:\\\/\\\/schema.org\",\"@graph\":[{\"@type\":\"WebPage\",\"@id\":\"https:\\\/\\\/www.medecinesymbolique.com\\\/es\\\/tienda\\\/varillas\\\/radmaster\\\/\",\"url\":\"https:\\\/\\\/www.medecinesymbolique.com\\\/es\\\/tienda\\\/varillas\\\/radmaster\\\/\",\"name\":\"Varillas (Radmaster) - M\u00e9decine Symbolique\",\"isPartOf\":{\"@id\":\"https:\\\/\\\/www.medecinesymbolique.com\\\/es\\\/#website\"},\"primaryImageOfPage\":{\"@id\":\"https:\\\/\\\/www.medecinesymbolique.com\\\/es\\\/tienda\\\/varillas\\\/radmaster\\\/#primaryimage\"},\"image\":{\"@id\":\"https:\\\/\\\/www.medecinesymbolique.com\\\/es\\\/tienda\\\/varillas\\\/radmaster\\\/#primaryimage\"},\"thumbnailUrl\":\"https:\\\/\\\/www.medecinesymbolique.com\\\/es\\\/wp-content\\\/uploads\\\/sites\\\/3\\\/2019\\\/11\\\/baguettes-1.jpg\",\"datePublished\":\"2019-11-25T15:00:22+00:00\",\"dateModified\":\"2023-07-27T12:25:59+00:00\",\"breadcrumb\":{\"@id\":\"https:\\\/\\\/www.medecinesymbolique.com\\\/es\\\/tienda\\\/varillas\\\/radmaster\\\/#breadcrumb\"},\"inLanguage\":\"es\",\"potentialAction\":[{\"@type\":\"ReadAction\",\"target\":[\"https:\\\/\\\/www.medecinesymbolique.com\\\/es\\\/tienda\\\/varillas\\\/radmaster\\\/\"]}]},{\"@type\":\"ImageObject\",\"inLanguage\":\"es\",\"@id\":\"https:\\\/\\\/www.medecinesymbolique.com\\\/es\\\/tienda\\\/varillas\\\/radmaster\\\/#primaryimage\",\"url\":\"https:\\\/\\\/www.medecinesymbolique.com\\\/es\\\/wp-content\\\/uploads\\\/sites\\\/3\\\/2019\\\/11\\\/baguettes-1.jpg\",\"contentUrl\":\"https:\\\/\\\/www.medecinesymbolique.com\\\/es\\\/wp-content\\\/uploads\\\/sites\\\/3\\\/2019\\\/11\\\/baguettes-1.jpg\",\"width\":471,\"height\":800},{\"@type\":\"BreadcrumbList\",\"@id\":\"https:\\\/\\\/www.medecinesymbolique.com\\\/es\\\/tienda\\\/varillas\\\/radmaster\\\/#breadcrumb\",\"itemListElement\":[{\"@type\":\"ListItem\",\"position\":1,\"name\":\"Accueil\",\"item\":\"https:\\\/\\\/www.medecinesymbolique.com\\\/es\\\/\"},{\"@type\":\"ListItem\",\"position\":2,\"name\":\"Varillas (Radmaster)\"}]},{\"@type\":\"WebSite\",\"@id\":\"https:\\\/\\\/www.medecinesymbolique.com\\\/es\\\/#website\",\"url\":\"https:\\\/\\\/www.medecinesymbolique.com\\\/es\\\/\",\"name\":\"M\u00e9decine Symbolique\",\"description\":\"\",\"potentialAction\":[{\"@type\":\"SearchAction\",\"target\":{\"@type\":\"EntryPoint\",\"urlTemplate\":\"https:\\\/\\\/www.medecinesymbolique.com\\\/es\\\/?s={search_term_string}\"},\"query-input\":{\"@type\":\"PropertyValueSpecification\",\"valueRequired\":true,\"valueName\":\"search_term_string\"}}],\"inLanguage\":\"es\"}]}<\/script>\n<!-- \/ Yoast SEO plugin. -->","yoast_head_json":{"title":"Varillas (Radmaster) - M\u00e9decine Symbolique","robots":{"index":"index","follow":"follow","max-snippet":"max-snippet:-1","max-image-preview":"max-image-preview:large","max-video-preview":"max-video-preview:-1"},"canonical":"https:\/\/www.medecinesymbolique.com\/es\/tienda\/varillas\/radmaster\/","og_locale":"es_ES","og_type":"article","og_title":"Varillas (Radmaster) - M\u00e9decine Symbolique","og_description":"Varillas de detecci\u00f3n anguladas, ideales para todas las pr\u00e1cticas (en radiestesia, geobiolog\u00eda, feng shui, medicina alternativa y energ\u00e9tica). Tambi\u00e9n se utilizan para la pr\u00e1ctica de la medicina simb\u00f3lica. Cada par [&hellip;]","og_url":"https:\/\/www.medecinesymbolique.com\/es\/tienda\/varillas\/radmaster\/","og_site_name":"M\u00e9decine Symbolique","article_modified_time":"2023-07-27T12:25:59+00:00","og_image":[{"width":471,"height":800,"url":"https:\/\/www.medecinesymbolique.com\/es\/wp-content\/uploads\/sites\/3\/2019\/11\/baguettes-1.jpg","type":"image\/jpeg"}],"twitter_card":"summary_large_image","twitter_misc":{"Tiempo de lectura":"1 minuto"},"schema":{"@context":"https:\/\/schema.org","@graph":[{"@type":"WebPage","@id":"https:\/\/www.medecinesymbolique.com\/es\/tienda\/varillas\/radmaster\/","url":"https:\/\/www.medecinesymbolique.com\/es\/tienda\/varillas\/radmaster\/","name":"Varillas (Radmaster) - M\u00e9decine Symbolique","isPartOf":{"@id":"https:\/\/www.medecinesymbolique.com\/es\/#website"},"primaryImageOfPage":{"@id":"https:\/\/www.medecinesymbolique.com\/es\/tienda\/varillas\/radmaster\/#primaryimage"},"image":{"@id":"https:\/\/www.medecinesymbolique.com\/es\/tienda\/varillas\/radmaster\/#primaryimage"},"thumbnailUrl":"https:\/\/www.medecinesymbolique.com\/es\/wp-content\/uploads\/sites\/3\/2019\/11\/baguettes-1.jpg","datePublished":"2019-11-25T15:00:22+00:00","dateModified":"2023-07-27T12:25:59+00:00","breadcrumb":{"@id":"https:\/\/www.medecinesymbolique.com\/es\/tienda\/varillas\/radmaster\/#breadcrumb"},"inLanguage":"es","potentialAction":[{"@type":"ReadAction","target":["https:\/\/www.medecinesymbolique.com\/es\/tienda\/varillas\/radmaster\/"]}]},{"@type":"ImageObject","inLanguage":"es","@id":"https:\/\/www.medecinesymbolique.com\/es\/tienda\/varillas\/radmaster\/#primaryimage","url":"https:\/\/www.medecinesymbolique.com\/es\/wp-content\/uploads\/sites\/3\/2019\/11\/baguettes-1.jpg","contentUrl":"https:\/\/www.medecinesymbolique.com\/es\/wp-content\/uploads\/sites\/3\/2019\/11\/baguettes-1.jpg","width":471,"height":800},{"@type":"BreadcrumbList","@id":"https:\/\/www.medecinesymbolique.com\/es\/tienda\/varillas\/radmaster\/#breadcrumb","itemListElement":[{"@type":"ListItem","position":1,"name":"Accueil","item":"https:\/\/www.medecinesymbolique.com\/es\/"},{"@type":"ListItem","position":2,"name":"Varillas (Radmaster)"}]},{"@type":"WebSite","@id":"https:\/\/www.medecinesymbolique.com\/es\/#website","url":"https:\/\/www.medecinesymbolique.com\/es\/","name":"M\u00e9decine Symbolique","description":"","potentialAction":[{"@type":"SearchAction","target":{"@type":"EntryPoint","urlTemplate":"https:\/\/www.medecinesymbolique.com\/es\/?s={search_term_string}"},"query-input":{"@type":"PropertyValueSpecification","valueRequired":true,"valueName":"search_term_string"}}],"inLanguage":"es"}]}},"_links":{"self":[{"href":"https:\/\/www.medecinesymbolique.com\/es\/wp-json\/wp\/v2\/product\/179","targetHints":{"allow":["GET"]}}],"collection":[{"href":"https:\/\/www.medecinesymbolique.com\/es\/wp-json\/wp\/v2\/product"}],"about":[{"href":"https:\/\/www.medecinesymbolique.com\/es\/wp-json\/wp\/v2\/types\/product"}],"wp:featuredmedia":[{"embeddable":true,"href":"https:\/\/www.medecinesymbolique.com\/es\/wp-json\/wp\/v2\/media\/230"}],"wp:attachment":[{"href":"https:\/\/www.medecinesymbolique.com\/es\/wp-json\/wp\/v2\/media?parent=179"}],"wp:term":[{"taxonomy":"product_brand","embeddable":true,"href":"https:\/\/www.medecinesymbolique.com\/es\/wp-json\/wp\/v2\/product_brand?post=179"},{"taxonomy":"product_cat","embeddable":true,"href":"https:\/\/www.medecinesymbolique.com\/es\/wp-json\/wp\/v2\/product_cat?post=179"},{"taxonomy":"product_tag","embeddable":true,"href":"https:\/\/www.medecinesymbolique.com\/es\/wp-json\/wp\/v2\/product_tag?post=179"}],"curies":[{"name":"wp","href":"https:\/\/api.w.org\/{rel}","templated":true}]}}