{"id":90,"date":"2019-11-17T19:04:47","date_gmt":"2019-11-17T18:04:47","guid":{"rendered":"http:\/\/www.medecinesymbolique.com\/es\/?page_id=90"},"modified":"2023-07-27T11:59:53","modified_gmt":"2023-07-27T11:59:53","slug":"empresas","status":"publish","type":"page","link":"https:\/\/www.medecinesymbolique.com\/es\/armonizacion-y-terapia\/empresas\/","title":{"rendered":"Empresas"},"content":{"rendered":"\n<h2 class=\"wp-block-heading\">La empresa es un sujeto de armonizaci\u00f3n<\/h2>\n\n\n\n<p>La armonizaci\u00f3n de las empresas y las estructuras colectivas es un \u00e1rea poco conocida de la medicina simb\u00f3lica. Sin embargo, tanto los fundadores como otras partes interesadas capacitadas han hecho muchas armonizaciones. Dan resultados impresionantes y cuantificables. Una empresa existe porque tiene un nombre (marca) y un lugar (oficina central). A partir de ah\u00ed, es posible armonizarla siguiendo el mismo protocolo que se aplica a una vivienda y a sus habitantes. Como en las intervenciones habitantes-h\u00e1bitat, cuando uno interviene en una empresa, los propietarios (director de la empresa) y los ocupantes del lugar (empleados) pueden involucrarse en el fen\u00f3meno terap\u00e9utico, y es posible actuar sobre ellos (con su conformidad, por supuesto).<\/p>\n\n\n<div class=\"lazyblock-bloc-livret-2tm0gO wp-block-lazyblock-bloc-livret\"><div class=\"livret-container left\"><a href=\"https:\/\/www.medecinesymbolique.com\/es\/wp-content\/uploads\/sites\/3\/2023\/07\/Accueil-esp.pdf\" target=\"_blank\" title=\"Folleto de presentaci\u00f3n - Medicina Simb\u00f3lica\" class=\"download-livret\"><img decoding=\"async\" src=\"https:\/\/www.medecinesymbolique.com\/es\/wp-content\/themes\/medecinesymb\/assets\/svg\/pdf5.svg\" alt=\"Icone PDF\"><div class=\"titre-pdf\"><span>Folleto de presentaci\u00f3n<\/span><strong>Medicina Simb\u00f3lica<\/strong><\/div><\/a><\/div><\/div>\n\n\n<h2 class=\"wp-block-heading\"> \u00bfPor qu\u00e9 armonizar la empresa?<\/h2>\n\n\n\n<div class=\"wp-block-columns has-2-columns is-layout-flex wp-container-core-columns-is-layout-9d6595d7 wp-block-columns-is-layout-flex\">\n<div class=\"wp-block-column is-layout-flow wp-block-column-is-layout-flow\">\n<ul class=\"wp-block-list\">\n<li>La disminuci\u00f3n de la actividad (facturaci\u00f3n, clientes, asistencia),<\/li>\n\n\n\n<li> Tensi\u00f3n en la empresa o dentro de un departamento,<\/li>\n\n\n\n<li> Bajas y renuncias de empleados importantes (renuncias, salidas),<\/li>\n\n\n\n<li> Baja por enfermedad muy frecuente,<\/li>\n\n\n\n<li> Fallos inexplicables de la electr\u00f3nica o la electricidad, roturas, da\u00f1os y aver\u00edas incomprensibles,<\/li>\n\n\n\n<li> Desorganizaci\u00f3n de la estructura,<\/li>\n\n\n\n<li> Productividad en declive,<\/li>\n\n\n\n<li> Venta o compra de negocios bloqueados,<\/li>\n\n\n\n<li> Transferencia comercial complicada.<\/li>\n<\/ul>\n\n\n\n<p>El enfoque tambi\u00e9n se aplica a las autoridades locales (escuelas, ayuntamientos, servicio civil territorial, etc.) o en \u00e1reas profesionales (oficina, sala de trabajo, etc.), la solicitud proviene de un miembro de la estructura y \/ o de su l\u00edder. La armonizaci\u00f3n solo se\u00f1ala los fen\u00f3menos relacionados con la persona que consulta.<\/p>\n\n\n\n<div class=\"wp-block-buttons is-layout-flex wp-block-buttons-is-layout-flex\">\n<div class=\"wp-block-button\"><a class=\"wp-block-button__link wp-element-button\" href=\"\/es\/practicantes\/\" title=\"Encontrar Un Practicante\">Encontrar un practicante<\/a><\/div>\n<\/div>\n<\/div>\n\n\n\n<div class=\"wp-block-column is-layout-flow wp-block-column-is-layout-flow\">\n<figure class=\"wp-block-pullquote\"><blockquote><p>\u00ab\u00a1La empresa es una entidad viviente!\u00bb <\/p><\/blockquote><\/figure>\n<\/div>\n<\/div>\n","protected":false},"excerpt":{"rendered":"<p>La empresa es un sujeto de armonizaci\u00f3n La armonizaci\u00f3n de las empresas y las estructuras colectivas es un \u00e1rea poco conocida de la medicina simb\u00f3lica. Sin embargo, tanto los fundadores [&hellip;]<\/p>\n","protected":false},"author":1,"featured_media":144,"parent":84,"menu_order":0,"comment_status":"closed","ping_status":"closed","template":"","meta":{"_acf_changed":false,"footnotes":""},"class_list":["post-90","page","type-page","status-publish","has-post-thumbnail","hentry"],"acf":[],"yoast_head":"<!-- This site is optimized with the Yoast SEO plugin v27.4 - https:\/\/yoast.com\/product\/yoast-seo-wordpress\/ -->\n<title>Empresas - M\u00e9decine Symbolique<\/title>\n<meta name=\"robots\" content=\"index, follow, max-snippet:-1, max-image-preview:large, max-video-preview:-1\" \/>\n<link rel=\"canonical\" href=\"https:\/\/www.medecinesymbolique.com\/es\/armonizacion-y-terapia\/empresas\/\" \/>\n<meta property=\"og:locale\" content=\"es_ES\" \/>\n<meta property=\"og:type\" content=\"article\" \/>\n<meta property=\"og:title\" content=\"Empresas - M\u00e9decine Symbolique\" \/>\n<meta property=\"og:description\" content=\"La empresa es un sujeto de armonizaci\u00f3n La armonizaci\u00f3n de las empresas y las estructuras colectivas es un \u00e1rea poco conocida de la medicina simb\u00f3lica. Sin embargo, tanto los fundadores [&hellip;]\" \/>\n<meta property=\"og:url\" content=\"https:\/\/www.medecinesymbolique.com\/es\/armonizacion-y-terapia\/empresas\/\" \/>\n<meta property=\"og:site_name\" content=\"M\u00e9decine Symbolique\" \/>\n<meta property=\"article:modified_time\" content=\"2023-07-27T11:59:53+00:00\" \/>\n<meta property=\"og:image\" content=\"https:\/\/www.medecinesymbolique.com\/es\/wp-content\/uploads\/sites\/3\/2019\/11\/business.jpg\" \/>\n\t<meta property=\"og:image:width\" content=\"1024\" \/>\n\t<meta property=\"og:image:height\" content=\"397\" \/>\n\t<meta property=\"og:image:type\" content=\"image\/jpeg\" \/>\n<meta name=\"twitter:card\" content=\"summary_large_image\" \/>\n<meta name=\"twitter:label1\" content=\"Tiempo de lectura\" \/>\n\t<meta name=\"twitter:data1\" content=\"2 minutos\" \/>\n<script type=\"application\/ld+json\" class=\"yoast-schema-graph\">{\"@context\":\"https:\\\/\\\/schema.org\",\"@graph\":[{\"@type\":\"WebPage\",\"@id\":\"https:\\\/\\\/www.medecinesymbolique.com\\\/es\\\/armonizacion-y-terapia\\\/empresas\\\/\",\"url\":\"https:\\\/\\\/www.medecinesymbolique.com\\\/es\\\/armonizacion-y-terapia\\\/empresas\\\/\",\"name\":\"Empresas - M\u00e9decine Symbolique\",\"isPartOf\":{\"@id\":\"https:\\\/\\\/www.medecinesymbolique.com\\\/es\\\/#website\"},\"primaryImageOfPage\":{\"@id\":\"https:\\\/\\\/www.medecinesymbolique.com\\\/es\\\/armonizacion-y-terapia\\\/empresas\\\/#primaryimage\"},\"image\":{\"@id\":\"https:\\\/\\\/www.medecinesymbolique.com\\\/es\\\/armonizacion-y-terapia\\\/empresas\\\/#primaryimage\"},\"thumbnailUrl\":\"https:\\\/\\\/www.medecinesymbolique.com\\\/es\\\/wp-content\\\/uploads\\\/sites\\\/3\\\/2019\\\/11\\\/business.jpg\",\"datePublished\":\"2019-11-17T18:04:47+00:00\",\"dateModified\":\"2023-07-27T11:59:53+00:00\",\"breadcrumb\":{\"@id\":\"https:\\\/\\\/www.medecinesymbolique.com\\\/es\\\/armonizacion-y-terapia\\\/empresas\\\/#breadcrumb\"},\"inLanguage\":\"es\",\"potentialAction\":[{\"@type\":\"ReadAction\",\"target\":[\"https:\\\/\\\/www.medecinesymbolique.com\\\/es\\\/armonizacion-y-terapia\\\/empresas\\\/\"]}]},{\"@type\":\"ImageObject\",\"inLanguage\":\"es\",\"@id\":\"https:\\\/\\\/www.medecinesymbolique.com\\\/es\\\/armonizacion-y-terapia\\\/empresas\\\/#primaryimage\",\"url\":\"https:\\\/\\\/www.medecinesymbolique.com\\\/es\\\/wp-content\\\/uploads\\\/sites\\\/3\\\/2019\\\/11\\\/business.jpg\",\"contentUrl\":\"https:\\\/\\\/www.medecinesymbolique.com\\\/es\\\/wp-content\\\/uploads\\\/sites\\\/3\\\/2019\\\/11\\\/business.jpg\",\"width\":1024,\"height\":397},{\"@type\":\"BreadcrumbList\",\"@id\":\"https:\\\/\\\/www.medecinesymbolique.com\\\/es\\\/armonizacion-y-terapia\\\/empresas\\\/#breadcrumb\",\"itemListElement\":[{\"@type\":\"ListItem\",\"position\":1,\"name\":\"Accueil\",\"item\":\"https:\\\/\\\/www.medecinesymbolique.com\\\/es\\\/\"},{\"@type\":\"ListItem\",\"position\":2,\"name\":\"Armonizaci\u00f3n y terapia\",\"item\":\"https:\\\/\\\/www.medecinesymbolique.com\\\/es\\\/armonizacion-y-terapia\\\/\"},{\"@type\":\"ListItem\",\"position\":3,\"name\":\"Empresas\"}]},{\"@type\":\"WebSite\",\"@id\":\"https:\\\/\\\/www.medecinesymbolique.com\\\/es\\\/#website\",\"url\":\"https:\\\/\\\/www.medecinesymbolique.com\\\/es\\\/\",\"name\":\"M\u00e9decine Symbolique\",\"description\":\"\",\"potentialAction\":[{\"@type\":\"SearchAction\",\"target\":{\"@type\":\"EntryPoint\",\"urlTemplate\":\"https:\\\/\\\/www.medecinesymbolique.com\\\/es\\\/?s={search_term_string}\"},\"query-input\":{\"@type\":\"PropertyValueSpecification\",\"valueRequired\":true,\"valueName\":\"search_term_string\"}}],\"inLanguage\":\"es\"}]}<\/script>\n<!-- \/ Yoast SEO plugin. -->","yoast_head_json":{"title":"Empresas - M\u00e9decine Symbolique","robots":{"index":"index","follow":"follow","max-snippet":"max-snippet:-1","max-image-preview":"max-image-preview:large","max-video-preview":"max-video-preview:-1"},"canonical":"https:\/\/www.medecinesymbolique.com\/es\/armonizacion-y-terapia\/empresas\/","og_locale":"es_ES","og_type":"article","og_title":"Empresas - M\u00e9decine Symbolique","og_description":"La empresa es un sujeto de armonizaci\u00f3n La armonizaci\u00f3n de las empresas y las estructuras colectivas es un \u00e1rea poco conocida de la medicina simb\u00f3lica. Sin embargo, tanto los fundadores [&hellip;]","og_url":"https:\/\/www.medecinesymbolique.com\/es\/armonizacion-y-terapia\/empresas\/","og_site_name":"M\u00e9decine Symbolique","article_modified_time":"2023-07-27T11:59:53+00:00","og_image":[{"width":1024,"height":397,"url":"https:\/\/www.medecinesymbolique.com\/es\/wp-content\/uploads\/sites\/3\/2019\/11\/business.jpg","type":"image\/jpeg"}],"twitter_card":"summary_large_image","twitter_misc":{"Tiempo de lectura":"2 minutos"},"schema":{"@context":"https:\/\/schema.org","@graph":[{"@type":"WebPage","@id":"https:\/\/www.medecinesymbolique.com\/es\/armonizacion-y-terapia\/empresas\/","url":"https:\/\/www.medecinesymbolique.com\/es\/armonizacion-y-terapia\/empresas\/","name":"Empresas - M\u00e9decine Symbolique","isPartOf":{"@id":"https:\/\/www.medecinesymbolique.com\/es\/#website"},"primaryImageOfPage":{"@id":"https:\/\/www.medecinesymbolique.com\/es\/armonizacion-y-terapia\/empresas\/#primaryimage"},"image":{"@id":"https:\/\/www.medecinesymbolique.com\/es\/armonizacion-y-terapia\/empresas\/#primaryimage"},"thumbnailUrl":"https:\/\/www.medecinesymbolique.com\/es\/wp-content\/uploads\/sites\/3\/2019\/11\/business.jpg","datePublished":"2019-11-17T18:04:47+00:00","dateModified":"2023-07-27T11:59:53+00:00","breadcrumb":{"@id":"https:\/\/www.medecinesymbolique.com\/es\/armonizacion-y-terapia\/empresas\/#breadcrumb"},"inLanguage":"es","potentialAction":[{"@type":"ReadAction","target":["https:\/\/www.medecinesymbolique.com\/es\/armonizacion-y-terapia\/empresas\/"]}]},{"@type":"ImageObject","inLanguage":"es","@id":"https:\/\/www.medecinesymbolique.com\/es\/armonizacion-y-terapia\/empresas\/#primaryimage","url":"https:\/\/www.medecinesymbolique.com\/es\/wp-content\/uploads\/sites\/3\/2019\/11\/business.jpg","contentUrl":"https:\/\/www.medecinesymbolique.com\/es\/wp-content\/uploads\/sites\/3\/2019\/11\/business.jpg","width":1024,"height":397},{"@type":"BreadcrumbList","@id":"https:\/\/www.medecinesymbolique.com\/es\/armonizacion-y-terapia\/empresas\/#breadcrumb","itemListElement":[{"@type":"ListItem","position":1,"name":"Accueil","item":"https:\/\/www.medecinesymbolique.com\/es\/"},{"@type":"ListItem","position":2,"name":"Armonizaci\u00f3n y terapia","item":"https:\/\/www.medecinesymbolique.com\/es\/armonizacion-y-terapia\/"},{"@type":"ListItem","position":3,"name":"Empresas"}]},{"@type":"WebSite","@id":"https:\/\/www.medecinesymbolique.com\/es\/#website","url":"https:\/\/www.medecinesymbolique.com\/es\/","name":"M\u00e9decine Symbolique","description":"","potentialAction":[{"@type":"SearchAction","target":{"@type":"EntryPoint","urlTemplate":"https:\/\/www.medecinesymbolique.com\/es\/?s={search_term_string}"},"query-input":{"@type":"PropertyValueSpecification","valueRequired":true,"valueName":"search_term_string"}}],"inLanguage":"es"}]}},"_links":{"self":[{"href":"https:\/\/www.medecinesymbolique.com\/es\/wp-json\/wp\/v2\/pages\/90","targetHints":{"allow":["GET"]}}],"collection":[{"href":"https:\/\/www.medecinesymbolique.com\/es\/wp-json\/wp\/v2\/pages"}],"about":[{"href":"https:\/\/www.medecinesymbolique.com\/es\/wp-json\/wp\/v2\/types\/page"}],"author":[{"embeddable":true,"href":"https:\/\/www.medecinesymbolique.com\/es\/wp-json\/wp\/v2\/users\/1"}],"replies":[{"embeddable":true,"href":"https:\/\/www.medecinesymbolique.com\/es\/wp-json\/wp\/v2\/comments?post=90"}],"version-history":[{"count":7,"href":"https:\/\/www.medecinesymbolique.com\/es\/wp-json\/wp\/v2\/pages\/90\/revisions"}],"predecessor-version":[{"id":387,"href":"https:\/\/www.medecinesymbolique.com\/es\/wp-json\/wp\/v2\/pages\/90\/revisions\/387"}],"up":[{"embeddable":true,"href":"https:\/\/www.medecinesymbolique.com\/es\/wp-json\/wp\/v2\/pages\/84"}],"wp:featuredmedia":[{"embeddable":true,"href":"https:\/\/www.medecinesymbolique.com\/es\/wp-json\/wp\/v2\/media\/144"}],"wp:attachment":[{"href":"https:\/\/www.medecinesymbolique.com\/es\/wp-json\/wp\/v2\/media?parent=90"}],"curies":[{"name":"wp","href":"https:\/\/api.w.org\/{rel}","templated":true}]}}