{"id":80,"date":"2019-11-17T18:57:30","date_gmt":"2019-11-17T17:57:30","guid":{"rendered":"http:\/\/www.medecinesymbolique.com\/es\/?page_id=80"},"modified":"2023-07-27T12:22:30","modified_gmt":"2023-07-27T12:22:30","slug":"ciclo-4","status":"publish","type":"page","link":"https:\/\/www.medecinesymbolique.com\/es\/formacion\/ciclo-4\/","title":{"rendered":"Ciclo 4"},"content":{"rendered":"\n<h2 class=\"wp-block-heading\">Ciclo 4 \u2013 MSE &#8211; Medicina Simb\u00f3lica del Esp\u00edritu.<\/h2>\n\n\n\n<p>Este cuarto ciclo aborda las poluciones ligadas al lado mental (enfermedades psicol\u00f3gicas) y a las informaciones colectivas contaminadoras (complejo de culpabilidad y de miedo, creencias, limitaciones mentales, etc\u2026). El practicante debe aprender a trabajar conscientemente en el terreno del esp\u00edritu. Igual que para los ciclos precedentes, estas t\u00e9cnicas est\u00e1n ligadas al h\u00e1bitat de las personas.<\/p>\n\n\n\n<p><strong>M\u00f3dulo n\u00ba1 :<\/strong> la pr\u00e1ctica de los ritos<br><strong>M\u00f3dulo n\u00ba2 :<\/strong> los velos sobre el esp\u00edritu<br><strong>M\u00f3dulo n\u00ba3 :<\/strong> los esp\u00edritus invasivos<\/p>\n\n\n<div class=\"lazyblock-programme-pdf-Z1yEd9v wp-block-lazyblock-programme-pdf\"><div class=\"livret-container  left\"><a href=\"https:\/\/www.medecinesymbolique.com\/es\/wp-content\/uploads\/sites\/3\/2023\/07\/formacion-medicina-simbolica.pdf\" target=\"_blank\" title=\"Programme de formation PDF\" class=\"download-livret programme\"><img decoding=\"async\" src=\"https:\/\/www.medecinesymbolique.com\/es\/wp-content\/themes\/medecinesymb\/assets\/svg\/pdf5.svg\" alt=\"Icone PDF\"><div class=\"titre-pdf\"><span>Descargar el PDF<\/span><strong>Programa de formaci\u00f3n<\/strong><\/div><\/a><\/div><\/div>","protected":false},"excerpt":{"rendered":"<p>Ciclo 4 \u2013 MSE &#8211; Medicina Simb\u00f3lica del Esp\u00edritu. Este cuarto ciclo aborda las poluciones ligadas al lado mental (enfermedades psicol\u00f3gicas) y a las informaciones colectivas contaminadoras (complejo de culpabilidad [&hellip;]<\/p>\n","protected":false},"author":1,"featured_media":52,"parent":72,"menu_order":0,"comment_status":"closed","ping_status":"closed","template":"","meta":{"_acf_changed":false,"footnotes":""},"class_list":["post-80","page","type-page","status-publish","has-post-thumbnail","hentry"],"acf":[],"yoast_head":"<!-- This site is optimized with the Yoast SEO plugin v27.3 - https:\/\/yoast.com\/product\/yoast-seo-wordpress\/ -->\n<title>Ciclo 4 - M\u00e9decine Symbolique<\/title>\n<meta name=\"robots\" content=\"index, follow, max-snippet:-1, max-image-preview:large, max-video-preview:-1\" \/>\n<link rel=\"canonical\" href=\"https:\/\/www.medecinesymbolique.com\/es\/formacion\/ciclo-4\/\" \/>\n<meta property=\"og:locale\" content=\"es_ES\" \/>\n<meta property=\"og:type\" content=\"article\" \/>\n<meta property=\"og:title\" content=\"Ciclo 4 - M\u00e9decine Symbolique\" \/>\n<meta property=\"og:description\" content=\"Ciclo 4 \u2013 MSE &#8211; Medicina Simb\u00f3lica del Esp\u00edritu. Este cuarto ciclo aborda las poluciones ligadas al lado mental (enfermedades psicol\u00f3gicas) y a las informaciones colectivas contaminadoras (complejo de culpabilidad [&hellip;]\" \/>\n<meta property=\"og:url\" content=\"https:\/\/www.medecinesymbolique.com\/es\/formacion\/ciclo-4\/\" \/>\n<meta property=\"og:site_name\" content=\"M\u00e9decine Symbolique\" \/>\n<meta property=\"article:modified_time\" content=\"2023-07-27T12:22:30+00:00\" \/>\n<meta property=\"og:image\" content=\"https:\/\/www.medecinesymbolique.com\/es\/wp-content\/uploads\/sites\/3\/2019\/11\/ban-ecole2.jpg\" \/>\n\t<meta property=\"og:image:width\" content=\"1600\" \/>\n\t<meta property=\"og:image:height\" content=\"462\" \/>\n\t<meta property=\"og:image:type\" content=\"image\/jpeg\" \/>\n<meta name=\"twitter:card\" content=\"summary_large_image\" \/>\n<meta name=\"twitter:label1\" content=\"Tiempo de lectura\" \/>\n\t<meta name=\"twitter:data1\" content=\"1 minuto\" \/>\n<script type=\"application\/ld+json\" class=\"yoast-schema-graph\">{\"@context\":\"https:\\\/\\\/schema.org\",\"@graph\":[{\"@type\":\"WebPage\",\"@id\":\"https:\\\/\\\/www.medecinesymbolique.com\\\/es\\\/formacion\\\/ciclo-4\\\/\",\"url\":\"https:\\\/\\\/www.medecinesymbolique.com\\\/es\\\/formacion\\\/ciclo-4\\\/\",\"name\":\"Ciclo 4 - M\u00e9decine Symbolique\",\"isPartOf\":{\"@id\":\"https:\\\/\\\/www.medecinesymbolique.com\\\/es\\\/#website\"},\"primaryImageOfPage\":{\"@id\":\"https:\\\/\\\/www.medecinesymbolique.com\\\/es\\\/formacion\\\/ciclo-4\\\/#primaryimage\"},\"image\":{\"@id\":\"https:\\\/\\\/www.medecinesymbolique.com\\\/es\\\/formacion\\\/ciclo-4\\\/#primaryimage\"},\"thumbnailUrl\":\"https:\\\/\\\/www.medecinesymbolique.com\\\/es\\\/wp-content\\\/uploads\\\/sites\\\/3\\\/2019\\\/11\\\/ban-ecole2.jpg\",\"datePublished\":\"2019-11-17T17:57:30+00:00\",\"dateModified\":\"2023-07-27T12:22:30+00:00\",\"breadcrumb\":{\"@id\":\"https:\\\/\\\/www.medecinesymbolique.com\\\/es\\\/formacion\\\/ciclo-4\\\/#breadcrumb\"},\"inLanguage\":\"es\",\"potentialAction\":[{\"@type\":\"ReadAction\",\"target\":[\"https:\\\/\\\/www.medecinesymbolique.com\\\/es\\\/formacion\\\/ciclo-4\\\/\"]}]},{\"@type\":\"ImageObject\",\"inLanguage\":\"es\",\"@id\":\"https:\\\/\\\/www.medecinesymbolique.com\\\/es\\\/formacion\\\/ciclo-4\\\/#primaryimage\",\"url\":\"https:\\\/\\\/www.medecinesymbolique.com\\\/es\\\/wp-content\\\/uploads\\\/sites\\\/3\\\/2019\\\/11\\\/ban-ecole2.jpg\",\"contentUrl\":\"https:\\\/\\\/www.medecinesymbolique.com\\\/es\\\/wp-content\\\/uploads\\\/sites\\\/3\\\/2019\\\/11\\\/ban-ecole2.jpg\",\"width\":1600,\"height\":462},{\"@type\":\"BreadcrumbList\",\"@id\":\"https:\\\/\\\/www.medecinesymbolique.com\\\/es\\\/formacion\\\/ciclo-4\\\/#breadcrumb\",\"itemListElement\":[{\"@type\":\"ListItem\",\"position\":1,\"name\":\"Accueil\",\"item\":\"https:\\\/\\\/www.medecinesymbolique.com\\\/es\\\/\"},{\"@type\":\"ListItem\",\"position\":2,\"name\":\"Formaci\u00f3n\",\"item\":\"https:\\\/\\\/www.medecinesymbolique.com\\\/es\\\/formacion\\\/\"},{\"@type\":\"ListItem\",\"position\":3,\"name\":\"Ciclo 4\"}]},{\"@type\":\"WebSite\",\"@id\":\"https:\\\/\\\/www.medecinesymbolique.com\\\/es\\\/#website\",\"url\":\"https:\\\/\\\/www.medecinesymbolique.com\\\/es\\\/\",\"name\":\"M\u00e9decine Symbolique\",\"description\":\"\",\"potentialAction\":[{\"@type\":\"SearchAction\",\"target\":{\"@type\":\"EntryPoint\",\"urlTemplate\":\"https:\\\/\\\/www.medecinesymbolique.com\\\/es\\\/?s={search_term_string}\"},\"query-input\":{\"@type\":\"PropertyValueSpecification\",\"valueRequired\":true,\"valueName\":\"search_term_string\"}}],\"inLanguage\":\"es\"}]}<\/script>\n<!-- \/ Yoast SEO plugin. -->","yoast_head_json":{"title":"Ciclo 4 - M\u00e9decine Symbolique","robots":{"index":"index","follow":"follow","max-snippet":"max-snippet:-1","max-image-preview":"max-image-preview:large","max-video-preview":"max-video-preview:-1"},"canonical":"https:\/\/www.medecinesymbolique.com\/es\/formacion\/ciclo-4\/","og_locale":"es_ES","og_type":"article","og_title":"Ciclo 4 - M\u00e9decine Symbolique","og_description":"Ciclo 4 \u2013 MSE &#8211; Medicina Simb\u00f3lica del Esp\u00edritu. Este cuarto ciclo aborda las poluciones ligadas al lado mental (enfermedades psicol\u00f3gicas) y a las informaciones colectivas contaminadoras (complejo de culpabilidad [&hellip;]","og_url":"https:\/\/www.medecinesymbolique.com\/es\/formacion\/ciclo-4\/","og_site_name":"M\u00e9decine Symbolique","article_modified_time":"2023-07-27T12:22:30+00:00","og_image":[{"width":1600,"height":462,"url":"https:\/\/www.medecinesymbolique.com\/es\/wp-content\/uploads\/sites\/3\/2019\/11\/ban-ecole2.jpg","type":"image\/jpeg"}],"twitter_card":"summary_large_image","twitter_misc":{"Tiempo de lectura":"1 minuto"},"schema":{"@context":"https:\/\/schema.org","@graph":[{"@type":"WebPage","@id":"https:\/\/www.medecinesymbolique.com\/es\/formacion\/ciclo-4\/","url":"https:\/\/www.medecinesymbolique.com\/es\/formacion\/ciclo-4\/","name":"Ciclo 4 - M\u00e9decine Symbolique","isPartOf":{"@id":"https:\/\/www.medecinesymbolique.com\/es\/#website"},"primaryImageOfPage":{"@id":"https:\/\/www.medecinesymbolique.com\/es\/formacion\/ciclo-4\/#primaryimage"},"image":{"@id":"https:\/\/www.medecinesymbolique.com\/es\/formacion\/ciclo-4\/#primaryimage"},"thumbnailUrl":"https:\/\/www.medecinesymbolique.com\/es\/wp-content\/uploads\/sites\/3\/2019\/11\/ban-ecole2.jpg","datePublished":"2019-11-17T17:57:30+00:00","dateModified":"2023-07-27T12:22:30+00:00","breadcrumb":{"@id":"https:\/\/www.medecinesymbolique.com\/es\/formacion\/ciclo-4\/#breadcrumb"},"inLanguage":"es","potentialAction":[{"@type":"ReadAction","target":["https:\/\/www.medecinesymbolique.com\/es\/formacion\/ciclo-4\/"]}]},{"@type":"ImageObject","inLanguage":"es","@id":"https:\/\/www.medecinesymbolique.com\/es\/formacion\/ciclo-4\/#primaryimage","url":"https:\/\/www.medecinesymbolique.com\/es\/wp-content\/uploads\/sites\/3\/2019\/11\/ban-ecole2.jpg","contentUrl":"https:\/\/www.medecinesymbolique.com\/es\/wp-content\/uploads\/sites\/3\/2019\/11\/ban-ecole2.jpg","width":1600,"height":462},{"@type":"BreadcrumbList","@id":"https:\/\/www.medecinesymbolique.com\/es\/formacion\/ciclo-4\/#breadcrumb","itemListElement":[{"@type":"ListItem","position":1,"name":"Accueil","item":"https:\/\/www.medecinesymbolique.com\/es\/"},{"@type":"ListItem","position":2,"name":"Formaci\u00f3n","item":"https:\/\/www.medecinesymbolique.com\/es\/formacion\/"},{"@type":"ListItem","position":3,"name":"Ciclo 4"}]},{"@type":"WebSite","@id":"https:\/\/www.medecinesymbolique.com\/es\/#website","url":"https:\/\/www.medecinesymbolique.com\/es\/","name":"M\u00e9decine Symbolique","description":"","potentialAction":[{"@type":"SearchAction","target":{"@type":"EntryPoint","urlTemplate":"https:\/\/www.medecinesymbolique.com\/es\/?s={search_term_string}"},"query-input":{"@type":"PropertyValueSpecification","valueRequired":true,"valueName":"search_term_string"}}],"inLanguage":"es"}]}},"_links":{"self":[{"href":"https:\/\/www.medecinesymbolique.com\/es\/wp-json\/wp\/v2\/pages\/80","targetHints":{"allow":["GET"]}}],"collection":[{"href":"https:\/\/www.medecinesymbolique.com\/es\/wp-json\/wp\/v2\/pages"}],"about":[{"href":"https:\/\/www.medecinesymbolique.com\/es\/wp-json\/wp\/v2\/types\/page"}],"author":[{"embeddable":true,"href":"https:\/\/www.medecinesymbolique.com\/es\/wp-json\/wp\/v2\/users\/1"}],"replies":[{"embeddable":true,"href":"https:\/\/www.medecinesymbolique.com\/es\/wp-json\/wp\/v2\/comments?post=80"}],"version-history":[{"count":8,"href":"https:\/\/www.medecinesymbolique.com\/es\/wp-json\/wp\/v2\/pages\/80\/revisions"}],"predecessor-version":[{"id":405,"href":"https:\/\/www.medecinesymbolique.com\/es\/wp-json\/wp\/v2\/pages\/80\/revisions\/405"}],"up":[{"embeddable":true,"href":"https:\/\/www.medecinesymbolique.com\/es\/wp-json\/wp\/v2\/pages\/72"}],"wp:featuredmedia":[{"embeddable":true,"href":"https:\/\/www.medecinesymbolique.com\/es\/wp-json\/wp\/v2\/media\/52"}],"wp:attachment":[{"href":"https:\/\/www.medecinesymbolique.com\/es\/wp-json\/wp\/v2\/media?parent=80"}],"curies":[{"name":"wp","href":"https:\/\/api.w.org\/{rel}","templated":true}]}}