{"id":78,"date":"2019-11-17T18:55:55","date_gmt":"2019-11-17T17:55:55","guid":{"rendered":"http:\/\/www.medecinesymbolique.com\/es\/?page_id=78"},"modified":"2023-07-27T12:21:51","modified_gmt":"2023-07-27T12:21:51","slug":"ciclo-3","status":"publish","type":"page","link":"https:\/\/www.medecinesymbolique.com\/es\/formacion\/ciclo-3\/","title":{"rendered":"Ciclo 3"},"content":{"rendered":"\n<h2 class=\"wp-block-heading\"> Ciclo 3 \u2013 MSA &#8211; Medicina Simb\u00f3lica del Alma<\/h2>\n\n\n\n<p>Este\ntercer ciclo comienza por el aprendizaje del lenguaje energ\u00e9tico del\nalma (eneagrama) y de la noci\u00f3n del karma. Continua por el\ntratamiento de informaci\u00f3n k\u00e1rmica: m\u00e9todos de saneamiento\ndescubiertos por Rose y Gilles Gandy (posesiones, almas invasivas,\nburbujas k\u00e1rmicas, programa del alma, preservativos k\u00e1rmicos,\netc\u2026). Todas estas t\u00e9cnicas se mantienen ligadas al h\u00e1bitat de\nlas personas ya que es este el que imprime los efectos de las\npoluciones energ\u00e9ticas.<\/p>\n\n\n\n<p><strong>M\u00f3dulo n\u00ba1 :<\/strong> Eneagrama 1 <br><strong>M\u00f3dulo n\u00ba2 :<\/strong> Eneagrama 2 <br><strong>M\u00f3dulo n\u00ba3 :<\/strong> las posesiones <br><strong>M\u00f3dulo n\u00ba4 :<\/strong> las almas invasivas <br><strong>M\u00f3dulo n\u00ba5 :<\/strong> la burbujas y preservativos k\u00e1rmicos, el programa del alma. <br><strong>M\u00f3dulo n\u00ba6 :<\/strong> la encarnaci\u00f3n del alma (Eneagrama 3) <\/p>\n\n\n<div class=\"lazyblock-programme-pdf-Z1rraOH wp-block-lazyblock-programme-pdf\"><div class=\"livret-container  left\"><a href=\"https:\/\/www.medecinesymbolique.com\/es\/wp-content\/uploads\/sites\/3\/2023\/07\/formacion-medicina-simbolica.pdf\" target=\"_blank\" title=\"Programme de formation PDF\" class=\"download-livret programme\"><img decoding=\"async\" src=\"https:\/\/www.medecinesymbolique.com\/es\/wp-content\/themes\/medecinesymb\/assets\/svg\/pdf5.svg\" alt=\"Icone PDF\"><div class=\"titre-pdf\"><span>Descargar el PDF<\/span><strong>Programa de formaci\u00f3n<\/strong><\/div><\/a><\/div><\/div>","protected":false},"excerpt":{"rendered":"<p>Ciclo 3 \u2013 MSA &#8211; Medicina Simb\u00f3lica del Alma Este tercer ciclo comienza por el aprendizaje del lenguaje energ\u00e9tico del alma (eneagrama) y de la noci\u00f3n del karma. Continua por [&hellip;]<\/p>\n","protected":false},"author":1,"featured_media":52,"parent":72,"menu_order":0,"comment_status":"closed","ping_status":"closed","template":"","meta":{"_acf_changed":false,"footnotes":""},"class_list":["post-78","page","type-page","status-publish","has-post-thumbnail","hentry"],"acf":[],"yoast_head":"<!-- This site is optimized with the Yoast SEO plugin v27.3 - https:\/\/yoast.com\/product\/yoast-seo-wordpress\/ -->\n<title>Ciclo 3 - M\u00e9decine Symbolique<\/title>\n<meta name=\"robots\" content=\"index, follow, max-snippet:-1, max-image-preview:large, max-video-preview:-1\" \/>\n<link rel=\"canonical\" href=\"https:\/\/www.medecinesymbolique.com\/es\/formacion\/ciclo-3\/\" \/>\n<meta property=\"og:locale\" content=\"es_ES\" \/>\n<meta property=\"og:type\" content=\"article\" \/>\n<meta property=\"og:title\" content=\"Ciclo 3 - M\u00e9decine Symbolique\" \/>\n<meta property=\"og:description\" content=\"Ciclo 3 \u2013 MSA &#8211; Medicina Simb\u00f3lica del Alma Este tercer ciclo comienza por el aprendizaje del lenguaje energ\u00e9tico del alma (eneagrama) y de la noci\u00f3n del karma. Continua por [&hellip;]\" \/>\n<meta property=\"og:url\" content=\"https:\/\/www.medecinesymbolique.com\/es\/formacion\/ciclo-3\/\" \/>\n<meta property=\"og:site_name\" content=\"M\u00e9decine Symbolique\" \/>\n<meta property=\"article:modified_time\" content=\"2023-07-27T12:21:51+00:00\" \/>\n<meta property=\"og:image\" content=\"https:\/\/www.medecinesymbolique.com\/es\/wp-content\/uploads\/sites\/3\/2019\/11\/ban-ecole2.jpg\" \/>\n\t<meta property=\"og:image:width\" content=\"1600\" \/>\n\t<meta property=\"og:image:height\" content=\"462\" \/>\n\t<meta property=\"og:image:type\" content=\"image\/jpeg\" \/>\n<meta name=\"twitter:card\" content=\"summary_large_image\" \/>\n<meta name=\"twitter:label1\" content=\"Tiempo de lectura\" \/>\n\t<meta name=\"twitter:data1\" content=\"1 minuto\" \/>\n<script type=\"application\/ld+json\" class=\"yoast-schema-graph\">{\"@context\":\"https:\\\/\\\/schema.org\",\"@graph\":[{\"@type\":\"WebPage\",\"@id\":\"https:\\\/\\\/www.medecinesymbolique.com\\\/es\\\/formacion\\\/ciclo-3\\\/\",\"url\":\"https:\\\/\\\/www.medecinesymbolique.com\\\/es\\\/formacion\\\/ciclo-3\\\/\",\"name\":\"Ciclo 3 - M\u00e9decine Symbolique\",\"isPartOf\":{\"@id\":\"https:\\\/\\\/www.medecinesymbolique.com\\\/es\\\/#website\"},\"primaryImageOfPage\":{\"@id\":\"https:\\\/\\\/www.medecinesymbolique.com\\\/es\\\/formacion\\\/ciclo-3\\\/#primaryimage\"},\"image\":{\"@id\":\"https:\\\/\\\/www.medecinesymbolique.com\\\/es\\\/formacion\\\/ciclo-3\\\/#primaryimage\"},\"thumbnailUrl\":\"https:\\\/\\\/www.medecinesymbolique.com\\\/es\\\/wp-content\\\/uploads\\\/sites\\\/3\\\/2019\\\/11\\\/ban-ecole2.jpg\",\"datePublished\":\"2019-11-17T17:55:55+00:00\",\"dateModified\":\"2023-07-27T12:21:51+00:00\",\"breadcrumb\":{\"@id\":\"https:\\\/\\\/www.medecinesymbolique.com\\\/es\\\/formacion\\\/ciclo-3\\\/#breadcrumb\"},\"inLanguage\":\"es\",\"potentialAction\":[{\"@type\":\"ReadAction\",\"target\":[\"https:\\\/\\\/www.medecinesymbolique.com\\\/es\\\/formacion\\\/ciclo-3\\\/\"]}]},{\"@type\":\"ImageObject\",\"inLanguage\":\"es\",\"@id\":\"https:\\\/\\\/www.medecinesymbolique.com\\\/es\\\/formacion\\\/ciclo-3\\\/#primaryimage\",\"url\":\"https:\\\/\\\/www.medecinesymbolique.com\\\/es\\\/wp-content\\\/uploads\\\/sites\\\/3\\\/2019\\\/11\\\/ban-ecole2.jpg\",\"contentUrl\":\"https:\\\/\\\/www.medecinesymbolique.com\\\/es\\\/wp-content\\\/uploads\\\/sites\\\/3\\\/2019\\\/11\\\/ban-ecole2.jpg\",\"width\":1600,\"height\":462},{\"@type\":\"BreadcrumbList\",\"@id\":\"https:\\\/\\\/www.medecinesymbolique.com\\\/es\\\/formacion\\\/ciclo-3\\\/#breadcrumb\",\"itemListElement\":[{\"@type\":\"ListItem\",\"position\":1,\"name\":\"Accueil\",\"item\":\"https:\\\/\\\/www.medecinesymbolique.com\\\/es\\\/\"},{\"@type\":\"ListItem\",\"position\":2,\"name\":\"Formaci\u00f3n\",\"item\":\"https:\\\/\\\/www.medecinesymbolique.com\\\/es\\\/formacion\\\/\"},{\"@type\":\"ListItem\",\"position\":3,\"name\":\"Ciclo 3\"}]},{\"@type\":\"WebSite\",\"@id\":\"https:\\\/\\\/www.medecinesymbolique.com\\\/es\\\/#website\",\"url\":\"https:\\\/\\\/www.medecinesymbolique.com\\\/es\\\/\",\"name\":\"M\u00e9decine Symbolique\",\"description\":\"\",\"potentialAction\":[{\"@type\":\"SearchAction\",\"target\":{\"@type\":\"EntryPoint\",\"urlTemplate\":\"https:\\\/\\\/www.medecinesymbolique.com\\\/es\\\/?s={search_term_string}\"},\"query-input\":{\"@type\":\"PropertyValueSpecification\",\"valueRequired\":true,\"valueName\":\"search_term_string\"}}],\"inLanguage\":\"es\"}]}<\/script>\n<!-- \/ Yoast SEO plugin. -->","yoast_head_json":{"title":"Ciclo 3 - M\u00e9decine Symbolique","robots":{"index":"index","follow":"follow","max-snippet":"max-snippet:-1","max-image-preview":"max-image-preview:large","max-video-preview":"max-video-preview:-1"},"canonical":"https:\/\/www.medecinesymbolique.com\/es\/formacion\/ciclo-3\/","og_locale":"es_ES","og_type":"article","og_title":"Ciclo 3 - M\u00e9decine Symbolique","og_description":"Ciclo 3 \u2013 MSA &#8211; Medicina Simb\u00f3lica del Alma Este tercer ciclo comienza por el aprendizaje del lenguaje energ\u00e9tico del alma (eneagrama) y de la noci\u00f3n del karma. Continua por [&hellip;]","og_url":"https:\/\/www.medecinesymbolique.com\/es\/formacion\/ciclo-3\/","og_site_name":"M\u00e9decine Symbolique","article_modified_time":"2023-07-27T12:21:51+00:00","og_image":[{"width":1600,"height":462,"url":"https:\/\/www.medecinesymbolique.com\/es\/wp-content\/uploads\/sites\/3\/2019\/11\/ban-ecole2.jpg","type":"image\/jpeg"}],"twitter_card":"summary_large_image","twitter_misc":{"Tiempo de lectura":"1 minuto"},"schema":{"@context":"https:\/\/schema.org","@graph":[{"@type":"WebPage","@id":"https:\/\/www.medecinesymbolique.com\/es\/formacion\/ciclo-3\/","url":"https:\/\/www.medecinesymbolique.com\/es\/formacion\/ciclo-3\/","name":"Ciclo 3 - M\u00e9decine Symbolique","isPartOf":{"@id":"https:\/\/www.medecinesymbolique.com\/es\/#website"},"primaryImageOfPage":{"@id":"https:\/\/www.medecinesymbolique.com\/es\/formacion\/ciclo-3\/#primaryimage"},"image":{"@id":"https:\/\/www.medecinesymbolique.com\/es\/formacion\/ciclo-3\/#primaryimage"},"thumbnailUrl":"https:\/\/www.medecinesymbolique.com\/es\/wp-content\/uploads\/sites\/3\/2019\/11\/ban-ecole2.jpg","datePublished":"2019-11-17T17:55:55+00:00","dateModified":"2023-07-27T12:21:51+00:00","breadcrumb":{"@id":"https:\/\/www.medecinesymbolique.com\/es\/formacion\/ciclo-3\/#breadcrumb"},"inLanguage":"es","potentialAction":[{"@type":"ReadAction","target":["https:\/\/www.medecinesymbolique.com\/es\/formacion\/ciclo-3\/"]}]},{"@type":"ImageObject","inLanguage":"es","@id":"https:\/\/www.medecinesymbolique.com\/es\/formacion\/ciclo-3\/#primaryimage","url":"https:\/\/www.medecinesymbolique.com\/es\/wp-content\/uploads\/sites\/3\/2019\/11\/ban-ecole2.jpg","contentUrl":"https:\/\/www.medecinesymbolique.com\/es\/wp-content\/uploads\/sites\/3\/2019\/11\/ban-ecole2.jpg","width":1600,"height":462},{"@type":"BreadcrumbList","@id":"https:\/\/www.medecinesymbolique.com\/es\/formacion\/ciclo-3\/#breadcrumb","itemListElement":[{"@type":"ListItem","position":1,"name":"Accueil","item":"https:\/\/www.medecinesymbolique.com\/es\/"},{"@type":"ListItem","position":2,"name":"Formaci\u00f3n","item":"https:\/\/www.medecinesymbolique.com\/es\/formacion\/"},{"@type":"ListItem","position":3,"name":"Ciclo 3"}]},{"@type":"WebSite","@id":"https:\/\/www.medecinesymbolique.com\/es\/#website","url":"https:\/\/www.medecinesymbolique.com\/es\/","name":"M\u00e9decine Symbolique","description":"","potentialAction":[{"@type":"SearchAction","target":{"@type":"EntryPoint","urlTemplate":"https:\/\/www.medecinesymbolique.com\/es\/?s={search_term_string}"},"query-input":{"@type":"PropertyValueSpecification","valueRequired":true,"valueName":"search_term_string"}}],"inLanguage":"es"}]}},"_links":{"self":[{"href":"https:\/\/www.medecinesymbolique.com\/es\/wp-json\/wp\/v2\/pages\/78","targetHints":{"allow":["GET"]}}],"collection":[{"href":"https:\/\/www.medecinesymbolique.com\/es\/wp-json\/wp\/v2\/pages"}],"about":[{"href":"https:\/\/www.medecinesymbolique.com\/es\/wp-json\/wp\/v2\/types\/page"}],"author":[{"embeddable":true,"href":"https:\/\/www.medecinesymbolique.com\/es\/wp-json\/wp\/v2\/users\/1"}],"replies":[{"embeddable":true,"href":"https:\/\/www.medecinesymbolique.com\/es\/wp-json\/wp\/v2\/comments?post=78"}],"version-history":[{"count":8,"href":"https:\/\/www.medecinesymbolique.com\/es\/wp-json\/wp\/v2\/pages\/78\/revisions"}],"predecessor-version":[{"id":404,"href":"https:\/\/www.medecinesymbolique.com\/es\/wp-json\/wp\/v2\/pages\/78\/revisions\/404"}],"up":[{"embeddable":true,"href":"https:\/\/www.medecinesymbolique.com\/es\/wp-json\/wp\/v2\/pages\/72"}],"wp:featuredmedia":[{"embeddable":true,"href":"https:\/\/www.medecinesymbolique.com\/es\/wp-json\/wp\/v2\/media\/52"}],"wp:attachment":[{"href":"https:\/\/www.medecinesymbolique.com\/es\/wp-json\/wp\/v2\/media?parent=78"}],"curies":[{"name":"wp","href":"https:\/\/api.w.org\/{rel}","templated":true}]}}