{"id":72,"date":"2019-11-17T18:53:19","date_gmt":"2019-11-17T17:53:19","guid":{"rendered":"http:\/\/www.medecinesymbolique.com\/es\/?page_id=72"},"modified":"2023-07-27T12:17:38","modified_gmt":"2023-07-27T12:17:38","slug":"formacion","status":"publish","type":"page","link":"https:\/\/www.medecinesymbolique.com\/es\/formacion\/","title":{"rendered":"Formaci\u00f3n"},"content":{"rendered":"\n<h2 class=\"wp-block-heading\">Ciclos de entrenamiento<\/h2>\n\n\n\n<div class=\"wp-block-columns is-layout-flex wp-container-core-columns-is-layout-9d6595d7 wp-block-columns-is-layout-flex\">\n<div class=\"wp-block-column is-layout-flow wp-block-column-is-layout-flow\" style=\"flex-basis:66.66%\">\n<p>La formaci\u00f3n se efect\u00faa por m\u00f3dulos de tres d\u00edas. Estos m\u00f3dulos se reagrupan por ciclos (en general, 6 m\u00f3dulos por ciclo o sea un a\u00f1o de formaci\u00f3n).<br>El desarrollo es flexible: una persona puede comenzar el curso, interrumpirlo por diversas razones, y recuperarlo m\u00e1s tarde con otro grupo.  Lo esencial reside en la pr\u00e1ctica regular de lo que ha sido aprendido  para que lo adquirido sea bien asimilado.<br>Cada m\u00f3dulo contiene ejercicios corporales y energ\u00e9ticos (Qi-Gong) af\u00edn de permitir una mejor circulaci\u00f3n de las energ\u00edas en el cuerpo y por consiguiente una mejor detecci\u00f3n.<br>Los m\u00f3dulos est\u00e1n organizados siguiendo une progresi\u00f3n l\u00f3gica, que corresponde al aprendizaje establecido por los fundadores del m\u00e9todo.<\/p>\n\n\n\n<p><strong>Es\npues imposible de hacer estos m\u00f3dulos en otro orden.<\/strong>\n<\/p>\n\n\n\n<ul class=\"wp-block-list\">\n<li><strong><a rel=\"noreferrer noopener\" aria-label=\"Ciclo 1 \u2013 MSH - Medicina Simb\u00f3lica del H\u00e1bitat (s\u2019ouvre dans un nouvel onglet)\" href=\"https:\/\/www.medecinesymbolique.com\/es\/escuela\/ciclo-1\/\" title=\"Ciclo 1 ? MSH \u2013 Medicina Simb\u00f3lica Del H\u00e1bitat\" target=\"_blank\">Ciclo 1 \u2013 MSH &#8211; Medicina Simb\u00f3lica del H\u00e1bitat<\/a><\/strong><\/li>\n\n\n\n<li><strong><a rel=\"noreferrer noopener\" aria-label=\"Ciclo 2 \u2013 MSC - Medicina Simb\u00f3lica del Cuerpo (s\u2019ouvre dans un nouvel onglet)\" href=\"https:\/\/www.medecinesymbolique.com\/es\/escuela\/ciclo-2\/\" title=\"Ciclo 2 ? MSC \u2013 Medicina Simb\u00f3lica Del Cuerpo\" target=\"_blank\">Ciclo 2 \u2013 MSC &#8211; Medicina Simb\u00f3lica del Cuerpo<\/a><\/strong><\/li>\n\n\n\n<li><strong><a rel=\"noreferrer noopener\" aria-label=\"Ciclo 3 \u2013 MSA - Medicina Simb\u00f3lica del Alma (s\u2019ouvre dans un nouvel onglet)\" href=\"https:\/\/www.medecinesymbolique.com\/es\/escuela\/ciclo-3\/\" title=\"Ciclo 3 ? MSA \u2013 Medicina Simb\u00f3lica Del Alma\" target=\"_blank\">Ciclo 3 \u2013 MSA &#8211; Medicina Simb\u00f3lica del Alma<\/a><\/strong><\/li>\n\n\n\n<li><strong><a href=\"https:\/\/www.medecinesymbolique.com\/es\/escuela\/ciclo-4\/\" title=\"\" title=\"Ciclo 4 ? MSE \u2013 Medicina Simb\u00f3lica Del Esp\u00edritu\" target=\"_blank\" rel=\"noreferrer noopener\" aria-label=\"Ciclo 4 \u2013 MSE - Medicina Simb\u00f3lica del Esp\u00edritu  (s\u2019ouvre dans un nouvel onglet)\">Ciclo 4 \u2013 MSE &#8211; Medicina Simb\u00f3lica del Esp\u00edritu<\/a><\/strong><a href=\"https:\/\/www.medecinesymbolique.com\/es\/escuela\/ciclo-4\/\" title=\"\" title=\"Ciclo 4 ? MSE \u2013 Medicina Simb\u00f3lica Del Esp\u00edritu\" target=\"_blank\" rel=\"noreferrer noopener\" aria-label=\"Ciclo 4 \u2013 MSE - Medicina Simb\u00f3lica del Esp\u00edritu  (s\u2019ouvre dans un nouvel onglet)\"> <\/a><\/li>\n<\/ul>\n<\/div>\n\n\n\n<div class=\"wp-block-column is-layout-flow wp-block-column-is-layout-flow\" style=\"flex-basis:33.33%\">\n<figure class=\"wp-block-image size-large\"><img loading=\"lazy\" decoding=\"async\" width=\"1024\" height=\"682\" src=\"https:\/\/www.medecinesymbolique.com\/es\/wp-content\/uploads\/sites\/3\/2019\/11\/ecole-ms-1024x682.jpg\" alt=\"\" class=\"wp-image-196\" srcset=\"https:\/\/www.medecinesymbolique.com\/es\/wp-content\/uploads\/sites\/3\/2019\/11\/ecole-ms.jpg 1024w, https:\/\/www.medecinesymbolique.com\/es\/wp-content\/uploads\/sites\/3\/2019\/11\/ecole-ms-300x200.jpg 300w, https:\/\/www.medecinesymbolique.com\/es\/wp-content\/uploads\/sites\/3\/2019\/11\/ecole-ms-768x512.jpg 768w, https:\/\/www.medecinesymbolique.com\/es\/wp-content\/uploads\/sites\/3\/2019\/11\/ecole-ms-370x246.jpg 370w, https:\/\/www.medecinesymbolique.com\/es\/wp-content\/uploads\/sites\/3\/2019\/11\/ecole-ms-760x506.jpg 760w, https:\/\/www.medecinesymbolique.com\/es\/wp-content\/uploads\/sites\/3\/2019\/11\/ecole-ms-600x400.jpg 600w\" sizes=\"auto, (max-width: 1024px) 100vw, 1024px\" \/><\/figure>\n<\/div>\n<\/div>\n\n\n\n<h2 class=\"wp-block-heading\">Evaluati\u00f3n de la  pr\u00e1ctica  <\/h2>\n\n\n\n<p>El\ngrupo de formadores eval\u00faa las capacidades de cada uno para\nproseguir con el curso. Esto sirve para validar: \n<\/p>\n\n\n\n<ul class=\"wp-block-list\">\n<li>La pr\u00e1ctica: sostener las varillas, entrenamientos, capacidad para dejarse guiar, etc\u2026 <\/li>\n\n\n\n<li>La capacidad de comunicaci\u00f3n: estar a la escucha del otro, empat\u00eda, hacer preguntas pertinentes, etc\u2026 <\/li>\n\n\n\n<li>La capacidad de an\u00e1lisis: racionalidad con respecto a las detecciones, etc.. <\/li>\n<\/ul>\n\n\n\n<p>Esto\npermitir\u00e1 m\u00e1s tarde, en caso de que el practicante desee aparecer\nen la web de los practicantes (SPMS), proponer tres tipos de\nrespuestas:<\/p>\n\n\n\n<ul class=\"wp-block-list\">\n<li>Un\n\tacuerdo sin condiciones,\n\t<\/li>\n\n\n\n<li>Un\n\tacuerdo bajo condiciones (pr\u00e1cticas supervisadas, profundizar de\n\tforma necesaria, etc\u2026).\n\t<\/li>\n\n\n\n<li>Una renuncia justificada. <\/li>\n<\/ul>\n\n\n<div class=\"lazyblock-programme-pdf-Z18WDci wp-block-lazyblock-programme-pdf\"><div class=\"livret-container  left\"><a href=\"https:\/\/www.medecinesymbolique.com\/es\/wp-content\/uploads\/sites\/3\/2023\/07\/formacion-medicina-simbolica.pdf\" target=\"_blank\" title=\"Programme de formation PDF\" class=\"download-livret programme\"><img decoding=\"async\" src=\"https:\/\/www.medecinesymbolique.com\/es\/wp-content\/themes\/medecinesymb\/assets\/svg\/pdf5.svg\" alt=\"Icone PDF\"><div class=\"titre-pdf\"><span>Descargar el PDF<\/span><strong>Programa de formaci\u00f3n<\/strong><\/div><\/a><\/div><\/div>","protected":false},"excerpt":{"rendered":"<p>Ciclos de entrenamiento La formaci\u00f3n se efect\u00faa por m\u00f3dulos de tres d\u00edas. Estos m\u00f3dulos se reagrupan por ciclos (en general, 6 m\u00f3dulos por ciclo o sea un a\u00f1o de formaci\u00f3n).El [&hellip;]<\/p>\n","protected":false},"author":1,"featured_media":52,"parent":0,"menu_order":0,"comment_status":"closed","ping_status":"closed","template":"","meta":{"_acf_changed":false,"footnotes":""},"class_list":["post-72","page","type-page","status-publish","has-post-thumbnail","hentry"],"acf":[],"yoast_head":"<!-- This site is optimized with the Yoast SEO plugin v27.3 - https:\/\/yoast.com\/product\/yoast-seo-wordpress\/ -->\n<title>Formaci\u00f3n - M\u00e9decine Symbolique<\/title>\n<meta name=\"robots\" content=\"index, follow, max-snippet:-1, max-image-preview:large, max-video-preview:-1\" \/>\n<link rel=\"canonical\" href=\"https:\/\/www.medecinesymbolique.com\/es\/formacion\/\" \/>\n<meta property=\"og:locale\" content=\"es_ES\" \/>\n<meta property=\"og:type\" content=\"article\" \/>\n<meta property=\"og:title\" content=\"Formaci\u00f3n - M\u00e9decine Symbolique\" \/>\n<meta property=\"og:description\" content=\"Ciclos de entrenamiento La formaci\u00f3n se efect\u00faa por m\u00f3dulos de tres d\u00edas. Estos m\u00f3dulos se reagrupan por ciclos (en general, 6 m\u00f3dulos por ciclo o sea un a\u00f1o de formaci\u00f3n).El [&hellip;]\" \/>\n<meta property=\"og:url\" content=\"https:\/\/www.medecinesymbolique.com\/es\/formacion\/\" \/>\n<meta property=\"og:site_name\" content=\"M\u00e9decine Symbolique\" \/>\n<meta property=\"article:modified_time\" content=\"2023-07-27T12:17:38+00:00\" \/>\n<meta property=\"og:image\" content=\"https:\/\/www.medecinesymbolique.com\/es\/wp-content\/uploads\/sites\/3\/2019\/11\/ban-ecole2.jpg\" \/>\n\t<meta property=\"og:image:width\" content=\"1600\" \/>\n\t<meta property=\"og:image:height\" content=\"462\" \/>\n\t<meta property=\"og:image:type\" content=\"image\/jpeg\" \/>\n<meta name=\"twitter:card\" content=\"summary_large_image\" \/>\n<meta name=\"twitter:label1\" content=\"Tiempo de lectura\" \/>\n\t<meta name=\"twitter:data1\" content=\"2 minutos\" \/>\n<script type=\"application\/ld+json\" class=\"yoast-schema-graph\">{\"@context\":\"https:\\\/\\\/schema.org\",\"@graph\":[{\"@type\":\"WebPage\",\"@id\":\"https:\\\/\\\/www.medecinesymbolique.com\\\/es\\\/formacion\\\/\",\"url\":\"https:\\\/\\\/www.medecinesymbolique.com\\\/es\\\/formacion\\\/\",\"name\":\"Formaci\u00f3n - M\u00e9decine Symbolique\",\"isPartOf\":{\"@id\":\"https:\\\/\\\/www.medecinesymbolique.com\\\/es\\\/#website\"},\"primaryImageOfPage\":{\"@id\":\"https:\\\/\\\/www.medecinesymbolique.com\\\/es\\\/formacion\\\/#primaryimage\"},\"image\":{\"@id\":\"https:\\\/\\\/www.medecinesymbolique.com\\\/es\\\/formacion\\\/#primaryimage\"},\"thumbnailUrl\":\"https:\\\/\\\/www.medecinesymbolique.com\\\/es\\\/wp-content\\\/uploads\\\/sites\\\/3\\\/2019\\\/11\\\/ban-ecole2.jpg\",\"datePublished\":\"2019-11-17T17:53:19+00:00\",\"dateModified\":\"2023-07-27T12:17:38+00:00\",\"breadcrumb\":{\"@id\":\"https:\\\/\\\/www.medecinesymbolique.com\\\/es\\\/formacion\\\/#breadcrumb\"},\"inLanguage\":\"es\",\"potentialAction\":[{\"@type\":\"ReadAction\",\"target\":[\"https:\\\/\\\/www.medecinesymbolique.com\\\/es\\\/formacion\\\/\"]}]},{\"@type\":\"ImageObject\",\"inLanguage\":\"es\",\"@id\":\"https:\\\/\\\/www.medecinesymbolique.com\\\/es\\\/formacion\\\/#primaryimage\",\"url\":\"https:\\\/\\\/www.medecinesymbolique.com\\\/es\\\/wp-content\\\/uploads\\\/sites\\\/3\\\/2019\\\/11\\\/ban-ecole2.jpg\",\"contentUrl\":\"https:\\\/\\\/www.medecinesymbolique.com\\\/es\\\/wp-content\\\/uploads\\\/sites\\\/3\\\/2019\\\/11\\\/ban-ecole2.jpg\",\"width\":1600,\"height\":462},{\"@type\":\"BreadcrumbList\",\"@id\":\"https:\\\/\\\/www.medecinesymbolique.com\\\/es\\\/formacion\\\/#breadcrumb\",\"itemListElement\":[{\"@type\":\"ListItem\",\"position\":1,\"name\":\"Accueil\",\"item\":\"https:\\\/\\\/www.medecinesymbolique.com\\\/es\\\/\"},{\"@type\":\"ListItem\",\"position\":2,\"name\":\"Formaci\u00f3n\"}]},{\"@type\":\"WebSite\",\"@id\":\"https:\\\/\\\/www.medecinesymbolique.com\\\/es\\\/#website\",\"url\":\"https:\\\/\\\/www.medecinesymbolique.com\\\/es\\\/\",\"name\":\"M\u00e9decine Symbolique\",\"description\":\"\",\"potentialAction\":[{\"@type\":\"SearchAction\",\"target\":{\"@type\":\"EntryPoint\",\"urlTemplate\":\"https:\\\/\\\/www.medecinesymbolique.com\\\/es\\\/?s={search_term_string}\"},\"query-input\":{\"@type\":\"PropertyValueSpecification\",\"valueRequired\":true,\"valueName\":\"search_term_string\"}}],\"inLanguage\":\"es\"}]}<\/script>\n<!-- \/ Yoast SEO plugin. -->","yoast_head_json":{"title":"Formaci\u00f3n - M\u00e9decine Symbolique","robots":{"index":"index","follow":"follow","max-snippet":"max-snippet:-1","max-image-preview":"max-image-preview:large","max-video-preview":"max-video-preview:-1"},"canonical":"https:\/\/www.medecinesymbolique.com\/es\/formacion\/","og_locale":"es_ES","og_type":"article","og_title":"Formaci\u00f3n - M\u00e9decine Symbolique","og_description":"Ciclos de entrenamiento La formaci\u00f3n se efect\u00faa por m\u00f3dulos de tres d\u00edas. Estos m\u00f3dulos se reagrupan por ciclos (en general, 6 m\u00f3dulos por ciclo o sea un a\u00f1o de formaci\u00f3n).El [&hellip;]","og_url":"https:\/\/www.medecinesymbolique.com\/es\/formacion\/","og_site_name":"M\u00e9decine Symbolique","article_modified_time":"2023-07-27T12:17:38+00:00","og_image":[{"width":1600,"height":462,"url":"https:\/\/www.medecinesymbolique.com\/es\/wp-content\/uploads\/sites\/3\/2019\/11\/ban-ecole2.jpg","type":"image\/jpeg"}],"twitter_card":"summary_large_image","twitter_misc":{"Tiempo de lectura":"2 minutos"},"schema":{"@context":"https:\/\/schema.org","@graph":[{"@type":"WebPage","@id":"https:\/\/www.medecinesymbolique.com\/es\/formacion\/","url":"https:\/\/www.medecinesymbolique.com\/es\/formacion\/","name":"Formaci\u00f3n - M\u00e9decine Symbolique","isPartOf":{"@id":"https:\/\/www.medecinesymbolique.com\/es\/#website"},"primaryImageOfPage":{"@id":"https:\/\/www.medecinesymbolique.com\/es\/formacion\/#primaryimage"},"image":{"@id":"https:\/\/www.medecinesymbolique.com\/es\/formacion\/#primaryimage"},"thumbnailUrl":"https:\/\/www.medecinesymbolique.com\/es\/wp-content\/uploads\/sites\/3\/2019\/11\/ban-ecole2.jpg","datePublished":"2019-11-17T17:53:19+00:00","dateModified":"2023-07-27T12:17:38+00:00","breadcrumb":{"@id":"https:\/\/www.medecinesymbolique.com\/es\/formacion\/#breadcrumb"},"inLanguage":"es","potentialAction":[{"@type":"ReadAction","target":["https:\/\/www.medecinesymbolique.com\/es\/formacion\/"]}]},{"@type":"ImageObject","inLanguage":"es","@id":"https:\/\/www.medecinesymbolique.com\/es\/formacion\/#primaryimage","url":"https:\/\/www.medecinesymbolique.com\/es\/wp-content\/uploads\/sites\/3\/2019\/11\/ban-ecole2.jpg","contentUrl":"https:\/\/www.medecinesymbolique.com\/es\/wp-content\/uploads\/sites\/3\/2019\/11\/ban-ecole2.jpg","width":1600,"height":462},{"@type":"BreadcrumbList","@id":"https:\/\/www.medecinesymbolique.com\/es\/formacion\/#breadcrumb","itemListElement":[{"@type":"ListItem","position":1,"name":"Accueil","item":"https:\/\/www.medecinesymbolique.com\/es\/"},{"@type":"ListItem","position":2,"name":"Formaci\u00f3n"}]},{"@type":"WebSite","@id":"https:\/\/www.medecinesymbolique.com\/es\/#website","url":"https:\/\/www.medecinesymbolique.com\/es\/","name":"M\u00e9decine Symbolique","description":"","potentialAction":[{"@type":"SearchAction","target":{"@type":"EntryPoint","urlTemplate":"https:\/\/www.medecinesymbolique.com\/es\/?s={search_term_string}"},"query-input":{"@type":"PropertyValueSpecification","valueRequired":true,"valueName":"search_term_string"}}],"inLanguage":"es"}]}},"_links":{"self":[{"href":"https:\/\/www.medecinesymbolique.com\/es\/wp-json\/wp\/v2\/pages\/72","targetHints":{"allow":["GET"]}}],"collection":[{"href":"https:\/\/www.medecinesymbolique.com\/es\/wp-json\/wp\/v2\/pages"}],"about":[{"href":"https:\/\/www.medecinesymbolique.com\/es\/wp-json\/wp\/v2\/types\/page"}],"author":[{"embeddable":true,"href":"https:\/\/www.medecinesymbolique.com\/es\/wp-json\/wp\/v2\/users\/1"}],"replies":[{"embeddable":true,"href":"https:\/\/www.medecinesymbolique.com\/es\/wp-json\/wp\/v2\/comments?post=72"}],"version-history":[{"count":11,"href":"https:\/\/www.medecinesymbolique.com\/es\/wp-json\/wp\/v2\/pages\/72\/revisions"}],"predecessor-version":[{"id":400,"href":"https:\/\/www.medecinesymbolique.com\/es\/wp-json\/wp\/v2\/pages\/72\/revisions\/400"}],"wp:featuredmedia":[{"embeddable":true,"href":"https:\/\/www.medecinesymbolique.com\/es\/wp-json\/wp\/v2\/media\/52"}],"wp:attachment":[{"href":"https:\/\/www.medecinesymbolique.com\/es\/wp-json\/wp\/v2\/media?parent=72"}],"curies":[{"name":"wp","href":"https:\/\/api.w.org\/{rel}","templated":true}]}}