{"id":62,"date":"2019-11-17T02:38:22","date_gmt":"2019-11-17T01:38:22","guid":{"rendered":"http:\/\/www.medecinesymbolique.com\/es\/?page_id=62"},"modified":"2019-11-26T11:29:00","modified_gmt":"2019-11-26T11:29:00","slug":"practicantes","status":"publish","type":"page","link":"https:\/\/www.medecinesymbolique.com\/es\/practicantes\/","title":{"rendered":"Practicantes"},"content":{"rendered":"\n<h4 class=\"wp-block-heading\">Consultas  individuales en Espa\u00f1a<\/h4>\n\n\n\n<p>Para consultas en espa\u00f1ol, contacta con:<\/p>\n\n\n\n<ul class=\"wp-block-list\"><li><strong>Maxime Janin<\/strong> en Barcelona al +34 610 12 78 77<br>Email: <a href=\"mailto:maxime.janin@hotmail.fr\" title=\"Maxime.janin@hotmail.fr\">maxime.janin@hotmail.fr<\/a><\/li><\/ul>\n\n\n\n<ul class=\"wp-block-list\"><li><strong>Gw\u00e9nola Kerfourn<\/strong> en Sabi\u00f1anigo (Huesca) al +33 783 12 54 09<br>Email: <a href=\"mailto:gkerfourn@laposte.net\" title=\"Gkerfourn@laposte.net\">gkerfourn@laposte.net<\/a><\/li><\/ul>\n","protected":false},"excerpt":{"rendered":"<p>Consultas individuales en Espa\u00f1a Para consultas en espa\u00f1ol, contacta con: Maxime Janin en Barcelona al +34 610 12 78 77Email: maxime.janin@hotmail.fr Gw\u00e9nola Kerfourn en Sabi\u00f1anigo (Huesca) al +33 783 12 [&hellip;]<\/p>\n","protected":false},"author":1,"featured_media":148,"parent":0,"menu_order":0,"comment_status":"closed","ping_status":"closed","template":"","meta":{"_acf_changed":false,"footnotes":""},"class_list":["post-62","page","type-page","status-publish","has-post-thumbnail","hentry"],"acf":[],"yoast_head":"<!-- This site is optimized with the Yoast SEO plugin v27.5 - https:\/\/yoast.com\/product\/yoast-seo-wordpress\/ -->\n<title>Practicantes - M\u00e9decine Symbolique<\/title>\n<meta name=\"robots\" content=\"index, follow, max-snippet:-1, max-image-preview:large, max-video-preview:-1\" \/>\n<link rel=\"canonical\" href=\"https:\/\/www.medecinesymbolique.com\/es\/practicantes\/\" \/>\n<meta property=\"og:locale\" content=\"es_ES\" \/>\n<meta property=\"og:type\" content=\"article\" \/>\n<meta property=\"og:title\" content=\"Practicantes - M\u00e9decine Symbolique\" \/>\n<meta property=\"og:description\" content=\"Consultas individuales en Espa\u00f1a Para consultas en espa\u00f1ol, contacta con: Maxime Janin en Barcelona al +34 610 12 78 77Email: maxime.janin@hotmail.fr Gw\u00e9nola Kerfourn en Sabi\u00f1anigo (Huesca) al +33 783 12 [&hellip;]\" \/>\n<meta property=\"og:url\" content=\"https:\/\/www.medecinesymbolique.com\/es\/practicantes\/\" \/>\n<meta property=\"og:site_name\" content=\"M\u00e9decine Symbolique\" \/>\n<meta property=\"article:modified_time\" content=\"2019-11-26T11:29:00+00:00\" \/>\n<meta property=\"og:image\" content=\"https:\/\/www.medecinesymbolique.com\/es\/wp-content\/uploads\/sites\/3\/2019\/11\/praticien-big.jpg\" \/>\n\t<meta property=\"og:image:width\" content=\"1024\" \/>\n\t<meta property=\"og:image:height\" content=\"145\" \/>\n\t<meta property=\"og:image:type\" content=\"image\/jpeg\" \/>\n<meta name=\"twitter:card\" content=\"summary_large_image\" \/>\n<script type=\"application\/ld+json\" class=\"yoast-schema-graph\">{\"@context\":\"https:\\\/\\\/schema.org\",\"@graph\":[{\"@type\":\"WebPage\",\"@id\":\"https:\\\/\\\/www.medecinesymbolique.com\\\/es\\\/practicantes\\\/\",\"url\":\"https:\\\/\\\/www.medecinesymbolique.com\\\/es\\\/practicantes\\\/\",\"name\":\"Practicantes - M\u00e9decine Symbolique\",\"isPartOf\":{\"@id\":\"https:\\\/\\\/www.medecinesymbolique.com\\\/es\\\/#website\"},\"primaryImageOfPage\":{\"@id\":\"https:\\\/\\\/www.medecinesymbolique.com\\\/es\\\/practicantes\\\/#primaryimage\"},\"image\":{\"@id\":\"https:\\\/\\\/www.medecinesymbolique.com\\\/es\\\/practicantes\\\/#primaryimage\"},\"thumbnailUrl\":\"https:\\\/\\\/www.medecinesymbolique.com\\\/es\\\/wp-content\\\/uploads\\\/sites\\\/3\\\/2019\\\/11\\\/praticien-big.jpg\",\"datePublished\":\"2019-11-17T01:38:22+00:00\",\"dateModified\":\"2019-11-26T11:29:00+00:00\",\"breadcrumb\":{\"@id\":\"https:\\\/\\\/www.medecinesymbolique.com\\\/es\\\/practicantes\\\/#breadcrumb\"},\"inLanguage\":\"es\",\"potentialAction\":[{\"@type\":\"ReadAction\",\"target\":[\"https:\\\/\\\/www.medecinesymbolique.com\\\/es\\\/practicantes\\\/\"]}]},{\"@type\":\"ImageObject\",\"inLanguage\":\"es\",\"@id\":\"https:\\\/\\\/www.medecinesymbolique.com\\\/es\\\/practicantes\\\/#primaryimage\",\"url\":\"https:\\\/\\\/www.medecinesymbolique.com\\\/es\\\/wp-content\\\/uploads\\\/sites\\\/3\\\/2019\\\/11\\\/praticien-big.jpg\",\"contentUrl\":\"https:\\\/\\\/www.medecinesymbolique.com\\\/es\\\/wp-content\\\/uploads\\\/sites\\\/3\\\/2019\\\/11\\\/praticien-big.jpg\",\"width\":1024,\"height\":145},{\"@type\":\"BreadcrumbList\",\"@id\":\"https:\\\/\\\/www.medecinesymbolique.com\\\/es\\\/practicantes\\\/#breadcrumb\",\"itemListElement\":[{\"@type\":\"ListItem\",\"position\":1,\"name\":\"Accueil\",\"item\":\"https:\\\/\\\/www.medecinesymbolique.com\\\/es\\\/\"},{\"@type\":\"ListItem\",\"position\":2,\"name\":\"Practicantes\"}]},{\"@type\":\"WebSite\",\"@id\":\"https:\\\/\\\/www.medecinesymbolique.com\\\/es\\\/#website\",\"url\":\"https:\\\/\\\/www.medecinesymbolique.com\\\/es\\\/\",\"name\":\"M\u00e9decine Symbolique\",\"description\":\"\",\"potentialAction\":[{\"@type\":\"SearchAction\",\"target\":{\"@type\":\"EntryPoint\",\"urlTemplate\":\"https:\\\/\\\/www.medecinesymbolique.com\\\/es\\\/?s={search_term_string}\"},\"query-input\":{\"@type\":\"PropertyValueSpecification\",\"valueRequired\":true,\"valueName\":\"search_term_string\"}}],\"inLanguage\":\"es\"}]}<\/script>\n<!-- \/ Yoast SEO plugin. -->","yoast_head_json":{"title":"Practicantes - M\u00e9decine Symbolique","robots":{"index":"index","follow":"follow","max-snippet":"max-snippet:-1","max-image-preview":"max-image-preview:large","max-video-preview":"max-video-preview:-1"},"canonical":"https:\/\/www.medecinesymbolique.com\/es\/practicantes\/","og_locale":"es_ES","og_type":"article","og_title":"Practicantes - M\u00e9decine Symbolique","og_description":"Consultas individuales en Espa\u00f1a Para consultas en espa\u00f1ol, contacta con: Maxime Janin en Barcelona al +34 610 12 78 77Email: maxime.janin@hotmail.fr Gw\u00e9nola Kerfourn en Sabi\u00f1anigo (Huesca) al +33 783 12 [&hellip;]","og_url":"https:\/\/www.medecinesymbolique.com\/es\/practicantes\/","og_site_name":"M\u00e9decine Symbolique","article_modified_time":"2019-11-26T11:29:00+00:00","og_image":[{"width":1024,"height":145,"url":"https:\/\/www.medecinesymbolique.com\/es\/wp-content\/uploads\/sites\/3\/2019\/11\/praticien-big.jpg","type":"image\/jpeg"}],"twitter_card":"summary_large_image","schema":{"@context":"https:\/\/schema.org","@graph":[{"@type":"WebPage","@id":"https:\/\/www.medecinesymbolique.com\/es\/practicantes\/","url":"https:\/\/www.medecinesymbolique.com\/es\/practicantes\/","name":"Practicantes - M\u00e9decine Symbolique","isPartOf":{"@id":"https:\/\/www.medecinesymbolique.com\/es\/#website"},"primaryImageOfPage":{"@id":"https:\/\/www.medecinesymbolique.com\/es\/practicantes\/#primaryimage"},"image":{"@id":"https:\/\/www.medecinesymbolique.com\/es\/practicantes\/#primaryimage"},"thumbnailUrl":"https:\/\/www.medecinesymbolique.com\/es\/wp-content\/uploads\/sites\/3\/2019\/11\/praticien-big.jpg","datePublished":"2019-11-17T01:38:22+00:00","dateModified":"2019-11-26T11:29:00+00:00","breadcrumb":{"@id":"https:\/\/www.medecinesymbolique.com\/es\/practicantes\/#breadcrumb"},"inLanguage":"es","potentialAction":[{"@type":"ReadAction","target":["https:\/\/www.medecinesymbolique.com\/es\/practicantes\/"]}]},{"@type":"ImageObject","inLanguage":"es","@id":"https:\/\/www.medecinesymbolique.com\/es\/practicantes\/#primaryimage","url":"https:\/\/www.medecinesymbolique.com\/es\/wp-content\/uploads\/sites\/3\/2019\/11\/praticien-big.jpg","contentUrl":"https:\/\/www.medecinesymbolique.com\/es\/wp-content\/uploads\/sites\/3\/2019\/11\/praticien-big.jpg","width":1024,"height":145},{"@type":"BreadcrumbList","@id":"https:\/\/www.medecinesymbolique.com\/es\/practicantes\/#breadcrumb","itemListElement":[{"@type":"ListItem","position":1,"name":"Accueil","item":"https:\/\/www.medecinesymbolique.com\/es\/"},{"@type":"ListItem","position":2,"name":"Practicantes"}]},{"@type":"WebSite","@id":"https:\/\/www.medecinesymbolique.com\/es\/#website","url":"https:\/\/www.medecinesymbolique.com\/es\/","name":"M\u00e9decine Symbolique","description":"","potentialAction":[{"@type":"SearchAction","target":{"@type":"EntryPoint","urlTemplate":"https:\/\/www.medecinesymbolique.com\/es\/?s={search_term_string}"},"query-input":{"@type":"PropertyValueSpecification","valueRequired":true,"valueName":"search_term_string"}}],"inLanguage":"es"}]}},"_links":{"self":[{"href":"https:\/\/www.medecinesymbolique.com\/es\/wp-json\/wp\/v2\/pages\/62","targetHints":{"allow":["GET"]}}],"collection":[{"href":"https:\/\/www.medecinesymbolique.com\/es\/wp-json\/wp\/v2\/pages"}],"about":[{"href":"https:\/\/www.medecinesymbolique.com\/es\/wp-json\/wp\/v2\/types\/page"}],"author":[{"embeddable":true,"href":"https:\/\/www.medecinesymbolique.com\/es\/wp-json\/wp\/v2\/users\/1"}],"replies":[{"embeddable":true,"href":"https:\/\/www.medecinesymbolique.com\/es\/wp-json\/wp\/v2\/comments?post=62"}],"version-history":[{"count":6,"href":"https:\/\/www.medecinesymbolique.com\/es\/wp-json\/wp\/v2\/pages\/62\/revisions"}],"predecessor-version":[{"id":237,"href":"https:\/\/www.medecinesymbolique.com\/es\/wp-json\/wp\/v2\/pages\/62\/revisions\/237"}],"wp:featuredmedia":[{"embeddable":true,"href":"https:\/\/www.medecinesymbolique.com\/es\/wp-json\/wp\/v2\/media\/148"}],"wp:attachment":[{"href":"https:\/\/www.medecinesymbolique.com\/es\/wp-json\/wp\/v2\/media?parent=62"}],"curies":[{"name":"wp","href":"https:\/\/api.w.org\/{rel}","templated":true}]}}