{"id":297,"date":"2020-02-07T17:18:57","date_gmt":"2020-02-07T17:18:57","guid":{"rendered":"http:\/\/www.medecinesymbolique.com\/es\/?page_id=297"},"modified":"2023-07-27T12:23:14","modified_gmt":"2023-07-27T12:23:14","slug":"taller","status":"publish","type":"page","link":"https:\/\/www.medecinesymbolique.com\/es\/taller\/","title":{"rendered":"Taller"},"content":{"rendered":"\n<h2 class=\"wp-block-heading\"><strong>Taller de Medicina Simb\u00f3lica<\/strong><\/h2>\n\n\n\n<p>Las t\u00e9cnicas actuales de cuidado incluyen el cuidado del f\u00edsico \n(medicina del cuerpo humano) y del psico-emocional (medicina del mente, \ndel esp\u00edritu). La Medicina Simb\u00f3lica explora una tercera puerta de \ncuraci\u00f3n complementaria\n que se basa en tres observaciones: la vida tiene un sentido y su \nobjetivo es un despertar de la consciencia, reconocer del interior el \nmecanismo de creaci\u00f3n de sus bloqueos y aportar una respuesta adaptada \nen fin que el paciente se auto-cure. Este medicina\n del alma se llama Medicina Simb\u00f3lica.<\/p>\n\n\n\n<p>El taller es sobre todo un momento de \u201ccuidado\u201d individual y \ncolectivo, pero tambi\u00e9n permite que todos se vayan con un contenido \nte\u00f3rico basado en la experimentaci\u00f3n directa.<\/p>\n","protected":false},"excerpt":{"rendered":"<p>Taller de Medicina Simb\u00f3lica Las t\u00e9cnicas actuales de cuidado incluyen el cuidado del f\u00edsico (medicina del cuerpo humano) y del psico-emocional (medicina del mente, del esp\u00edritu). La Medicina Simb\u00f3lica explora [&hellip;]<\/p>\n","protected":false},"author":1,"featured_media":146,"parent":0,"menu_order":0,"comment_status":"closed","ping_status":"closed","template":"","meta":{"_acf_changed":false,"footnotes":""},"class_list":["post-297","page","type-page","status-publish","has-post-thumbnail","hentry"],"acf":[],"yoast_head":"<!-- This site is optimized with the Yoast SEO plugin v27.5 - https:\/\/yoast.com\/product\/yoast-seo-wordpress\/ -->\n<title>Taller - M\u00e9decine Symbolique<\/title>\n<meta name=\"robots\" content=\"index, follow, max-snippet:-1, max-image-preview:large, max-video-preview:-1\" \/>\n<link rel=\"canonical\" href=\"https:\/\/www.medecinesymbolique.com\/es\/taller\/\" \/>\n<meta property=\"og:locale\" content=\"es_ES\" \/>\n<meta property=\"og:type\" content=\"article\" \/>\n<meta property=\"og:title\" content=\"Taller - M\u00e9decine Symbolique\" \/>\n<meta property=\"og:description\" content=\"Taller de Medicina Simb\u00f3lica Las t\u00e9cnicas actuales de cuidado incluyen el cuidado del f\u00edsico (medicina del cuerpo humano) y del psico-emocional (medicina del mente, del esp\u00edritu). La Medicina Simb\u00f3lica explora [&hellip;]\" \/>\n<meta property=\"og:url\" content=\"https:\/\/www.medecinesymbolique.com\/es\/taller\/\" \/>\n<meta property=\"og:site_name\" content=\"M\u00e9decine Symbolique\" \/>\n<meta property=\"article:modified_time\" content=\"2023-07-27T12:23:14+00:00\" \/>\n<meta property=\"og:image\" content=\"https:\/\/www.medecinesymbolique.com\/es\/wp-content\/uploads\/sites\/3\/2019\/11\/Harmo-1-1.jpg\" \/>\n\t<meta property=\"og:image:width\" content=\"1024\" \/>\n\t<meta property=\"og:image:height\" content=\"302\" \/>\n\t<meta property=\"og:image:type\" content=\"image\/jpeg\" \/>\n<meta name=\"twitter:card\" content=\"summary_large_image\" \/>\n<meta name=\"twitter:label1\" content=\"Tiempo de lectura\" \/>\n\t<meta name=\"twitter:data1\" content=\"1 minuto\" \/>\n<script type=\"application\/ld+json\" class=\"yoast-schema-graph\">{\"@context\":\"https:\\\/\\\/schema.org\",\"@graph\":[{\"@type\":\"WebPage\",\"@id\":\"https:\\\/\\\/www.medecinesymbolique.com\\\/es\\\/taller\\\/\",\"url\":\"https:\\\/\\\/www.medecinesymbolique.com\\\/es\\\/taller\\\/\",\"name\":\"Taller - M\u00e9decine Symbolique\",\"isPartOf\":{\"@id\":\"https:\\\/\\\/www.medecinesymbolique.com\\\/es\\\/#website\"},\"primaryImageOfPage\":{\"@id\":\"https:\\\/\\\/www.medecinesymbolique.com\\\/es\\\/taller\\\/#primaryimage\"},\"image\":{\"@id\":\"https:\\\/\\\/www.medecinesymbolique.com\\\/es\\\/taller\\\/#primaryimage\"},\"thumbnailUrl\":\"https:\\\/\\\/www.medecinesymbolique.com\\\/es\\\/wp-content\\\/uploads\\\/sites\\\/3\\\/2019\\\/11\\\/Harmo-1-1.jpg\",\"datePublished\":\"2020-02-07T17:18:57+00:00\",\"dateModified\":\"2023-07-27T12:23:14+00:00\",\"breadcrumb\":{\"@id\":\"https:\\\/\\\/www.medecinesymbolique.com\\\/es\\\/taller\\\/#breadcrumb\"},\"inLanguage\":\"es\",\"potentialAction\":[{\"@type\":\"ReadAction\",\"target\":[\"https:\\\/\\\/www.medecinesymbolique.com\\\/es\\\/taller\\\/\"]}]},{\"@type\":\"ImageObject\",\"inLanguage\":\"es\",\"@id\":\"https:\\\/\\\/www.medecinesymbolique.com\\\/es\\\/taller\\\/#primaryimage\",\"url\":\"https:\\\/\\\/www.medecinesymbolique.com\\\/es\\\/wp-content\\\/uploads\\\/sites\\\/3\\\/2019\\\/11\\\/Harmo-1-1.jpg\",\"contentUrl\":\"https:\\\/\\\/www.medecinesymbolique.com\\\/es\\\/wp-content\\\/uploads\\\/sites\\\/3\\\/2019\\\/11\\\/Harmo-1-1.jpg\",\"width\":1024,\"height\":302},{\"@type\":\"BreadcrumbList\",\"@id\":\"https:\\\/\\\/www.medecinesymbolique.com\\\/es\\\/taller\\\/#breadcrumb\",\"itemListElement\":[{\"@type\":\"ListItem\",\"position\":1,\"name\":\"Accueil\",\"item\":\"https:\\\/\\\/www.medecinesymbolique.com\\\/es\\\/\"},{\"@type\":\"ListItem\",\"position\":2,\"name\":\"Taller\"}]},{\"@type\":\"WebSite\",\"@id\":\"https:\\\/\\\/www.medecinesymbolique.com\\\/es\\\/#website\",\"url\":\"https:\\\/\\\/www.medecinesymbolique.com\\\/es\\\/\",\"name\":\"M\u00e9decine Symbolique\",\"description\":\"\",\"potentialAction\":[{\"@type\":\"SearchAction\",\"target\":{\"@type\":\"EntryPoint\",\"urlTemplate\":\"https:\\\/\\\/www.medecinesymbolique.com\\\/es\\\/?s={search_term_string}\"},\"query-input\":{\"@type\":\"PropertyValueSpecification\",\"valueRequired\":true,\"valueName\":\"search_term_string\"}}],\"inLanguage\":\"es\"}]}<\/script>\n<!-- \/ Yoast SEO plugin. -->","yoast_head_json":{"title":"Taller - M\u00e9decine Symbolique","robots":{"index":"index","follow":"follow","max-snippet":"max-snippet:-1","max-image-preview":"max-image-preview:large","max-video-preview":"max-video-preview:-1"},"canonical":"https:\/\/www.medecinesymbolique.com\/es\/taller\/","og_locale":"es_ES","og_type":"article","og_title":"Taller - M\u00e9decine Symbolique","og_description":"Taller de Medicina Simb\u00f3lica Las t\u00e9cnicas actuales de cuidado incluyen el cuidado del f\u00edsico (medicina del cuerpo humano) y del psico-emocional (medicina del mente, del esp\u00edritu). La Medicina Simb\u00f3lica explora [&hellip;]","og_url":"https:\/\/www.medecinesymbolique.com\/es\/taller\/","og_site_name":"M\u00e9decine Symbolique","article_modified_time":"2023-07-27T12:23:14+00:00","og_image":[{"width":1024,"height":302,"url":"https:\/\/www.medecinesymbolique.com\/es\/wp-content\/uploads\/sites\/3\/2019\/11\/Harmo-1-1.jpg","type":"image\/jpeg"}],"twitter_card":"summary_large_image","twitter_misc":{"Tiempo de lectura":"1 minuto"},"schema":{"@context":"https:\/\/schema.org","@graph":[{"@type":"WebPage","@id":"https:\/\/www.medecinesymbolique.com\/es\/taller\/","url":"https:\/\/www.medecinesymbolique.com\/es\/taller\/","name":"Taller - M\u00e9decine Symbolique","isPartOf":{"@id":"https:\/\/www.medecinesymbolique.com\/es\/#website"},"primaryImageOfPage":{"@id":"https:\/\/www.medecinesymbolique.com\/es\/taller\/#primaryimage"},"image":{"@id":"https:\/\/www.medecinesymbolique.com\/es\/taller\/#primaryimage"},"thumbnailUrl":"https:\/\/www.medecinesymbolique.com\/es\/wp-content\/uploads\/sites\/3\/2019\/11\/Harmo-1-1.jpg","datePublished":"2020-02-07T17:18:57+00:00","dateModified":"2023-07-27T12:23:14+00:00","breadcrumb":{"@id":"https:\/\/www.medecinesymbolique.com\/es\/taller\/#breadcrumb"},"inLanguage":"es","potentialAction":[{"@type":"ReadAction","target":["https:\/\/www.medecinesymbolique.com\/es\/taller\/"]}]},{"@type":"ImageObject","inLanguage":"es","@id":"https:\/\/www.medecinesymbolique.com\/es\/taller\/#primaryimage","url":"https:\/\/www.medecinesymbolique.com\/es\/wp-content\/uploads\/sites\/3\/2019\/11\/Harmo-1-1.jpg","contentUrl":"https:\/\/www.medecinesymbolique.com\/es\/wp-content\/uploads\/sites\/3\/2019\/11\/Harmo-1-1.jpg","width":1024,"height":302},{"@type":"BreadcrumbList","@id":"https:\/\/www.medecinesymbolique.com\/es\/taller\/#breadcrumb","itemListElement":[{"@type":"ListItem","position":1,"name":"Accueil","item":"https:\/\/www.medecinesymbolique.com\/es\/"},{"@type":"ListItem","position":2,"name":"Taller"}]},{"@type":"WebSite","@id":"https:\/\/www.medecinesymbolique.com\/es\/#website","url":"https:\/\/www.medecinesymbolique.com\/es\/","name":"M\u00e9decine Symbolique","description":"","potentialAction":[{"@type":"SearchAction","target":{"@type":"EntryPoint","urlTemplate":"https:\/\/www.medecinesymbolique.com\/es\/?s={search_term_string}"},"query-input":{"@type":"PropertyValueSpecification","valueRequired":true,"valueName":"search_term_string"}}],"inLanguage":"es"}]}},"_links":{"self":[{"href":"https:\/\/www.medecinesymbolique.com\/es\/wp-json\/wp\/v2\/pages\/297","targetHints":{"allow":["GET"]}}],"collection":[{"href":"https:\/\/www.medecinesymbolique.com\/es\/wp-json\/wp\/v2\/pages"}],"about":[{"href":"https:\/\/www.medecinesymbolique.com\/es\/wp-json\/wp\/v2\/types\/page"}],"author":[{"embeddable":true,"href":"https:\/\/www.medecinesymbolique.com\/es\/wp-json\/wp\/v2\/users\/1"}],"replies":[{"embeddable":true,"href":"https:\/\/www.medecinesymbolique.com\/es\/wp-json\/wp\/v2\/comments?post=297"}],"version-history":[{"count":3,"href":"https:\/\/www.medecinesymbolique.com\/es\/wp-json\/wp\/v2\/pages\/297\/revisions"}],"predecessor-version":[{"id":407,"href":"https:\/\/www.medecinesymbolique.com\/es\/wp-json\/wp\/v2\/pages\/297\/revisions\/407"}],"wp:featuredmedia":[{"embeddable":true,"href":"https:\/\/www.medecinesymbolique.com\/es\/wp-json\/wp\/v2\/media\/146"}],"wp:attachment":[{"href":"https:\/\/www.medecinesymbolique.com\/es\/wp-json\/wp\/v2\/media?parent=297"}],"curies":[{"name":"wp","href":"https:\/\/api.w.org\/{rel}","templated":true}]}}