{"id":75,"date":"2019-11-17T02:44:44","date_gmt":"2019-11-17T01:44:44","guid":{"rendered":"http:\/\/www.medecinesymbolique.com\/en\/?page_id=75"},"modified":"2025-07-03T10:16:42","modified_gmt":"2025-07-03T10:16:42","slug":"videos","status":"publish","type":"page","link":"https:\/\/www.medecinesymbolique.com\/en\/videos\/","title":{"rendered":"Videos"},"content":{"rendered":"\n<h2 class=\"wp-block-heading\" id=\"tw-target-text\">You can also find videos of sacred site activations at <a href=\"https:\/\/www.lieuxsacres.com\/\" title=\"Www.lieuxsacres.com\" target=\"_blank\" rel=\"noreferrer noopener\">www.lieuxsacres.com<\/a><\/h2>\n\n\n\n<div class=\"wp-block-columns is-layout-flex wp-container-core-columns-is-layout-9d6595d7 wp-block-columns-is-layout-flex\">\n<div class=\"wp-block-column is-layout-flow wp-block-column-is-layout-flow\">\n<figure class=\"wp-block-embed aligncenter is-type-video is-provider-youtube wp-block-embed-youtube wp-embed-aspect-16-9 wp-has-aspect-ratio\"><div class=\"wp-block-embed__wrapper\">\n<iframe loading=\"lazy\" title=\"Glastonbury - The Tor - Activation of a Sacred place by Rose et Gilles GANDY\" width=\"500\" height=\"281\" src=\"https:\/\/www.youtube.com\/embed\/qQk9sxq_v0A?feature=oembed\" frameborder=\"0\" allow=\"accelerometer; autoplay; clipboard-write; encrypted-media; gyroscope; picture-in-picture; web-share\" referrerpolicy=\"strict-origin-when-cross-origin\" allowfullscreen><\/iframe>\n<\/div><figcaption class=\"wp-element-caption\">Glastonbury Tower Activation in Somerset<\/figcaption><\/figure>\n<\/div>\n\n\n\n<div class=\"wp-block-column is-layout-flow wp-block-column-is-layout-flow\">\n<figure class=\"wp-block-embed is-type-video is-provider-youtube wp-block-embed-youtube wp-embed-aspect-16-9 wp-has-aspect-ratio\"><div class=\"wp-block-embed__wrapper\">\n<iframe loading=\"lazy\" title=\"St Aldhelm&#039;s Well - The invisible source - Symbolic medicine\" width=\"500\" height=\"281\" src=\"https:\/\/www.youtube.com\/embed\/9lTnUIunttc?feature=oembed\" frameborder=\"0\" allow=\"accelerometer; autoplay; clipboard-write; encrypted-media; gyroscope; picture-in-picture; web-share\" referrerpolicy=\"strict-origin-when-cross-origin\" allowfullscreen><\/iframe>\n<\/div><figcaption class=\"wp-element-caption\">St Aldhelm&#8217;s Well Activation in Somerset<\/figcaption><\/figure>\n<\/div>\n<\/div>\n\n\n\n<div class=\"wp-block-columns is-layout-flex wp-container-core-columns-is-layout-9d6595d7 wp-block-columns-is-layout-flex\">\n<div class=\"wp-block-column is-layout-flow wp-block-column-is-layout-flow\">\n<figure class=\"wp-block-embed is-type-video is-provider-youtube wp-block-embed-youtube wp-embed-aspect-16-9 wp-has-aspect-ratio\"><div class=\"wp-block-embed__wrapper\">\n<iframe loading=\"lazy\" title=\"Activez les Lieux Sacr\u00e9s - The Hurlers en Cornouailles | Rose et Gilles Gandy\" width=\"500\" height=\"281\" src=\"https:\/\/www.youtube.com\/embed\/TNUvlEskMwQ?feature=oembed\" frameborder=\"0\" allow=\"accelerometer; autoplay; clipboard-write; encrypted-media; gyroscope; picture-in-picture; web-share\" referrerpolicy=\"strict-origin-when-cross-origin\" allowfullscreen><\/iframe>\n<\/div><figcaption class=\"wp-element-caption\">Activation of the Hurlers in Cornwall<\/figcaption><\/figure>\n<\/div>\n\n\n\n<div class=\"wp-block-column is-layout-flow wp-block-column-is-layout-flow\">\n<figure class=\"wp-block-embed aligncenter is-type-video is-provider-youtube wp-block-embed-youtube wp-embed-aspect-16-9 wp-has-aspect-ratio\"><div class=\"wp-block-embed__wrapper\">\n<iframe loading=\"lazy\" title=\"IRLANDE - Grian\u00e1n of Aileach - Activation d&#039;un Lieu sacr\u00e9 par Rose et Gilles GANDY\" width=\"500\" height=\"281\" src=\"https:\/\/www.youtube.com\/embed\/DJ3kNc_40gE?feature=oembed\" frameborder=\"0\" allow=\"accelerometer; autoplay; clipboard-write; encrypted-media; gyroscope; picture-in-picture; web-share\" referrerpolicy=\"strict-origin-when-cross-origin\" allowfullscreen><\/iframe>\n<\/div><figcaption class=\"wp-element-caption\">Grian\u00e1n of Aileach activation in Ireland<\/figcaption><\/figure>\n<\/div>\n<\/div>\n\n\n\n<div class=\"wp-block-columns has-2-columns is-layout-flex wp-container-core-columns-is-layout-9d6595d7 wp-block-columns-is-layout-flex\">\n<div class=\"wp-block-column is-layout-flow wp-block-column-is-layout-flow\">\n<figure class=\"wp-block-embed is-type-video is-provider-youtube wp-block-embed-youtube wp-embed-aspect-16-9 wp-has-aspect-ratio\"><div class=\"wp-block-embed__wrapper\">\n<iframe loading=\"lazy\" title=\"presentation of the &quot;M\u00e9decine Symbolique&quot;. Subtitles in English. Rose Gandy\" width=\"500\" height=\"281\" src=\"https:\/\/www.youtube.com\/embed\/QF0LoeE_cNo?feature=oembed\" frameborder=\"0\" allow=\"accelerometer; autoplay; clipboard-write; encrypted-media; gyroscope; picture-in-picture; web-share\" referrerpolicy=\"strict-origin-when-cross-origin\" allowfullscreen><\/iframe>\n<\/div><figcaption class=\"wp-element-caption\">Presentation of the &#8221; M\u00e9decine Symbolique &#8220;<\/figcaption><\/figure>\n<\/div>\n\n\n\n<div class=\"wp-block-column is-layout-flow wp-block-column-is-layout-flow\">\n<figure class=\"wp-block-embed is-type-video is-provider-youtube wp-block-embed-youtube wp-embed-aspect-16-9 wp-has-aspect-ratio\"><div class=\"wp-block-embed__wrapper\">\n<iframe loading=\"lazy\" title=\"Wath is &quot;M\u00e9decine Symbolique&quot; used for?\" width=\"500\" height=\"281\" src=\"https:\/\/www.youtube.com\/embed\/D0AyO0rvBnQ?feature=oembed\" frameborder=\"0\" allow=\"accelerometer; autoplay; clipboard-write; encrypted-media; gyroscope; picture-in-picture; web-share\" referrerpolicy=\"strict-origin-when-cross-origin\" allowfullscreen><\/iframe>\n<\/div><figcaption class=\"wp-element-caption\">What is &#8220;M\u00e9decine Symbolique&#8221; used for?<\/figcaption><\/figure>\n<\/div>\n<\/div>\n\n\n\n<div class=\"wp-block-columns has-2-columns is-layout-flex wp-container-core-columns-is-layout-9d6595d7 wp-block-columns-is-layout-flex\">\n<div class=\"wp-block-column is-layout-flow wp-block-column-is-layout-flow\">\n<figure class=\"wp-block-embed is-type-video is-provider-youtube wp-block-embed-youtube wp-embed-aspect-16-9 wp-has-aspect-ratio\"><div class=\"wp-block-embed__wrapper\">\n<iframe loading=\"lazy\" title=\"Coronavirus N\u00b01 : La symbolique du coronavirus - English subtitle\" width=\"500\" height=\"281\" src=\"https:\/\/www.youtube.com\/embed\/JREsoDKWCUE?feature=oembed\" frameborder=\"0\" allow=\"accelerometer; autoplay; clipboard-write; encrypted-media; gyroscope; picture-in-picture; web-share\" referrerpolicy=\"strict-origin-when-cross-origin\" allowfullscreen><\/iframe>\n<\/div><figcaption class=\"wp-element-caption\">Coronavirus et Symbolique &#8211; English subtitle<\/figcaption><\/figure>\n<\/div>\n\n\n\n<div class=\"wp-block-column is-layout-flow wp-block-column-is-layout-flow\">\n<figure class=\"wp-block-embed is-type-video is-provider-youtube wp-block-embed-youtube wp-embed-aspect-16-9 wp-has-aspect-ratio\"><div class=\"wp-block-embed__wrapper\">\n<iframe loading=\"lazy\" title=\"La M\u00e9decine Symbolique par Pascal &amp; Claire Roussey-Simon\" width=\"500\" height=\"281\" src=\"https:\/\/www.youtube.com\/embed\/DCfFI-RLmEE?feature=oembed\" frameborder=\"0\" allow=\"accelerometer; autoplay; clipboard-write; encrypted-media; gyroscope; picture-in-picture; web-share\" referrerpolicy=\"strict-origin-when-cross-origin\" allowfullscreen><\/iframe>\n<\/div><figcaption class=\"wp-element-caption\">La M\u00e9decine Symbolique par Pascal &amp; Claire Roussey-Simon<\/figcaption><\/figure>\n<\/div>\n<\/div>\n\n\n\n<div class=\"wp-block-columns has-2-columns is-layout-flex wp-container-core-columns-is-layout-9d6595d7 wp-block-columns-is-layout-flex\">\n<div class=\"wp-block-column is-layout-flow wp-block-column-is-layout-flow\">\n<figure class=\"wp-block-embed is-type-video is-provider-youtube wp-block-embed-youtube wp-embed-aspect-16-9 wp-has-aspect-ratio\"><div class=\"wp-block-embed__wrapper\">\n<iframe loading=\"lazy\" title=\"Coronavirus N\u00b02 : le virus mental plus grave que le virus physique ?\" width=\"500\" height=\"281\" src=\"https:\/\/www.youtube.com\/embed\/Pegh9_LAL_4?feature=oembed\" frameborder=\"0\" allow=\"accelerometer; autoplay; clipboard-write; encrypted-media; gyroscope; picture-in-picture; web-share\" referrerpolicy=\"strict-origin-when-cross-origin\" allowfullscreen><\/iframe>\n<\/div><\/figure>\n<\/div>\n\n\n\n<div class=\"wp-block-column is-layout-flow wp-block-column-is-layout-flow\">\n<figure class=\"wp-block-embed is-type-video is-provider-youtube wp-block-embed-youtube wp-embed-aspect-16-9 wp-has-aspect-ratio\"><div class=\"wp-block-embed__wrapper\">\n<iframe loading=\"lazy\" title=\"Coronavirus N\u00b03 : Notre pouvoir cr\u00e9ateur mis \u00e0 l&#039;\u00e9preuve !\" width=\"500\" height=\"281\" src=\"https:\/\/www.youtube.com\/embed\/j0JV74XCjdo?feature=oembed\" frameborder=\"0\" allow=\"accelerometer; autoplay; clipboard-write; encrypted-media; gyroscope; picture-in-picture; web-share\" referrerpolicy=\"strict-origin-when-cross-origin\" allowfullscreen><\/iframe>\n<\/div><\/figure>\n<\/div>\n<\/div>\n","protected":false},"excerpt":{"rendered":"<p>You can also find videos of sacred site activations at www.lieuxsacres.com<\/p>\n","protected":false},"author":1,"featured_media":61,"parent":0,"menu_order":0,"comment_status":"closed","ping_status":"closed","template":"","meta":{"_acf_changed":false,"footnotes":""},"class_list":["post-75","page","type-page","status-publish","has-post-thumbnail","hentry"],"acf":[],"yoast_head":"<!-- This site is optimized with the Yoast SEO plugin v27.5 - https:\/\/yoast.com\/product\/yoast-seo-wordpress\/ -->\n<title>Videos - M\u00e9decine Symbolique<\/title>\n<meta name=\"robots\" content=\"index, follow, max-snippet:-1, max-image-preview:large, max-video-preview:-1\" \/>\n<link rel=\"canonical\" href=\"https:\/\/www.medecinesymbolique.com\/en\/videos\/\" \/>\n<meta property=\"og:locale\" content=\"en_US\" \/>\n<meta property=\"og:type\" content=\"article\" \/>\n<meta property=\"og:title\" content=\"Videos - M\u00e9decine Symbolique\" \/>\n<meta property=\"og:description\" content=\"You can also find videos of sacred site activations at www.lieuxsacres.com\" \/>\n<meta property=\"og:url\" content=\"https:\/\/www.medecinesymbolique.com\/en\/videos\/\" \/>\n<meta property=\"og:site_name\" content=\"M\u00e9decine Symbolique\" \/>\n<meta property=\"article:modified_time\" content=\"2025-07-03T10:16:42+00:00\" \/>\n<meta property=\"og:image\" content=\"https:\/\/www.medecinesymbolique.com\/en\/wp-content\/uploads\/sites\/2\/2019\/11\/ban-video.jpg\" \/>\n\t<meta property=\"og:image:width\" content=\"2048\" \/>\n\t<meta property=\"og:image:height\" content=\"877\" \/>\n\t<meta property=\"og:image:type\" content=\"image\/jpeg\" \/>\n<meta name=\"twitter:card\" content=\"summary_large_image\" \/>\n<meta name=\"twitter:label1\" content=\"Est. reading time\" \/>\n\t<meta name=\"twitter:data1\" content=\"1 minute\" \/>\n<script type=\"application\/ld+json\" class=\"yoast-schema-graph\">{\"@context\":\"https:\\\/\\\/schema.org\",\"@graph\":[{\"@type\":\"WebPage\",\"@id\":\"https:\\\/\\\/www.medecinesymbolique.com\\\/en\\\/videos\\\/\",\"url\":\"https:\\\/\\\/www.medecinesymbolique.com\\\/en\\\/videos\\\/\",\"name\":\"Videos - M\u00e9decine Symbolique\",\"isPartOf\":{\"@id\":\"https:\\\/\\\/www.medecinesymbolique.com\\\/en\\\/#website\"},\"primaryImageOfPage\":{\"@id\":\"https:\\\/\\\/www.medecinesymbolique.com\\\/en\\\/videos\\\/#primaryimage\"},\"image\":{\"@id\":\"https:\\\/\\\/www.medecinesymbolique.com\\\/en\\\/videos\\\/#primaryimage\"},\"thumbnailUrl\":\"https:\\\/\\\/www.medecinesymbolique.com\\\/en\\\/wp-content\\\/uploads\\\/sites\\\/2\\\/2019\\\/11\\\/ban-video.jpg\",\"datePublished\":\"2019-11-17T01:44:44+00:00\",\"dateModified\":\"2025-07-03T10:16:42+00:00\",\"breadcrumb\":{\"@id\":\"https:\\\/\\\/www.medecinesymbolique.com\\\/en\\\/videos\\\/#breadcrumb\"},\"inLanguage\":\"en-US\",\"potentialAction\":[{\"@type\":\"ReadAction\",\"target\":[\"https:\\\/\\\/www.medecinesymbolique.com\\\/en\\\/videos\\\/\"]}]},{\"@type\":\"ImageObject\",\"inLanguage\":\"en-US\",\"@id\":\"https:\\\/\\\/www.medecinesymbolique.com\\\/en\\\/videos\\\/#primaryimage\",\"url\":\"https:\\\/\\\/www.medecinesymbolique.com\\\/en\\\/wp-content\\\/uploads\\\/sites\\\/2\\\/2019\\\/11\\\/ban-video.jpg\",\"contentUrl\":\"https:\\\/\\\/www.medecinesymbolique.com\\\/en\\\/wp-content\\\/uploads\\\/sites\\\/2\\\/2019\\\/11\\\/ban-video.jpg\",\"width\":2048,\"height\":877},{\"@type\":\"BreadcrumbList\",\"@id\":\"https:\\\/\\\/www.medecinesymbolique.com\\\/en\\\/videos\\\/#breadcrumb\",\"itemListElement\":[{\"@type\":\"ListItem\",\"position\":1,\"name\":\"Accueil\",\"item\":\"https:\\\/\\\/www.medecinesymbolique.com\\\/en\\\/\"},{\"@type\":\"ListItem\",\"position\":2,\"name\":\"Videos\"}]},{\"@type\":\"WebSite\",\"@id\":\"https:\\\/\\\/www.medecinesymbolique.com\\\/en\\\/#website\",\"url\":\"https:\\\/\\\/www.medecinesymbolique.com\\\/en\\\/\",\"name\":\"M\u00e9decine Symbolique\",\"description\":\"\",\"potentialAction\":[{\"@type\":\"SearchAction\",\"target\":{\"@type\":\"EntryPoint\",\"urlTemplate\":\"https:\\\/\\\/www.medecinesymbolique.com\\\/en\\\/?s={search_term_string}\"},\"query-input\":{\"@type\":\"PropertyValueSpecification\",\"valueRequired\":true,\"valueName\":\"search_term_string\"}}],\"inLanguage\":\"en-US\"}]}<\/script>\n<!-- \/ Yoast SEO plugin. -->","yoast_head_json":{"title":"Videos - M\u00e9decine Symbolique","robots":{"index":"index","follow":"follow","max-snippet":"max-snippet:-1","max-image-preview":"max-image-preview:large","max-video-preview":"max-video-preview:-1"},"canonical":"https:\/\/www.medecinesymbolique.com\/en\/videos\/","og_locale":"en_US","og_type":"article","og_title":"Videos - M\u00e9decine Symbolique","og_description":"You can also find videos of sacred site activations at www.lieuxsacres.com","og_url":"https:\/\/www.medecinesymbolique.com\/en\/videos\/","og_site_name":"M\u00e9decine Symbolique","article_modified_time":"2025-07-03T10:16:42+00:00","og_image":[{"width":2048,"height":877,"url":"https:\/\/www.medecinesymbolique.com\/en\/wp-content\/uploads\/sites\/2\/2019\/11\/ban-video.jpg","type":"image\/jpeg"}],"twitter_card":"summary_large_image","twitter_misc":{"Est. reading time":"1 minute"},"schema":{"@context":"https:\/\/schema.org","@graph":[{"@type":"WebPage","@id":"https:\/\/www.medecinesymbolique.com\/en\/videos\/","url":"https:\/\/www.medecinesymbolique.com\/en\/videos\/","name":"Videos - M\u00e9decine Symbolique","isPartOf":{"@id":"https:\/\/www.medecinesymbolique.com\/en\/#website"},"primaryImageOfPage":{"@id":"https:\/\/www.medecinesymbolique.com\/en\/videos\/#primaryimage"},"image":{"@id":"https:\/\/www.medecinesymbolique.com\/en\/videos\/#primaryimage"},"thumbnailUrl":"https:\/\/www.medecinesymbolique.com\/en\/wp-content\/uploads\/sites\/2\/2019\/11\/ban-video.jpg","datePublished":"2019-11-17T01:44:44+00:00","dateModified":"2025-07-03T10:16:42+00:00","breadcrumb":{"@id":"https:\/\/www.medecinesymbolique.com\/en\/videos\/#breadcrumb"},"inLanguage":"en-US","potentialAction":[{"@type":"ReadAction","target":["https:\/\/www.medecinesymbolique.com\/en\/videos\/"]}]},{"@type":"ImageObject","inLanguage":"en-US","@id":"https:\/\/www.medecinesymbolique.com\/en\/videos\/#primaryimage","url":"https:\/\/www.medecinesymbolique.com\/en\/wp-content\/uploads\/sites\/2\/2019\/11\/ban-video.jpg","contentUrl":"https:\/\/www.medecinesymbolique.com\/en\/wp-content\/uploads\/sites\/2\/2019\/11\/ban-video.jpg","width":2048,"height":877},{"@type":"BreadcrumbList","@id":"https:\/\/www.medecinesymbolique.com\/en\/videos\/#breadcrumb","itemListElement":[{"@type":"ListItem","position":1,"name":"Accueil","item":"https:\/\/www.medecinesymbolique.com\/en\/"},{"@type":"ListItem","position":2,"name":"Videos"}]},{"@type":"WebSite","@id":"https:\/\/www.medecinesymbolique.com\/en\/#website","url":"https:\/\/www.medecinesymbolique.com\/en\/","name":"M\u00e9decine Symbolique","description":"","potentialAction":[{"@type":"SearchAction","target":{"@type":"EntryPoint","urlTemplate":"https:\/\/www.medecinesymbolique.com\/en\/?s={search_term_string}"},"query-input":{"@type":"PropertyValueSpecification","valueRequired":true,"valueName":"search_term_string"}}],"inLanguage":"en-US"}]}},"_links":{"self":[{"href":"https:\/\/www.medecinesymbolique.com\/en\/wp-json\/wp\/v2\/pages\/75","targetHints":{"allow":["GET"]}}],"collection":[{"href":"https:\/\/www.medecinesymbolique.com\/en\/wp-json\/wp\/v2\/pages"}],"about":[{"href":"https:\/\/www.medecinesymbolique.com\/en\/wp-json\/wp\/v2\/types\/page"}],"author":[{"embeddable":true,"href":"https:\/\/www.medecinesymbolique.com\/en\/wp-json\/wp\/v2\/users\/1"}],"replies":[{"embeddable":true,"href":"https:\/\/www.medecinesymbolique.com\/en\/wp-json\/wp\/v2\/comments?post=75"}],"version-history":[{"count":20,"href":"https:\/\/www.medecinesymbolique.com\/en\/wp-json\/wp\/v2\/pages\/75\/revisions"}],"predecessor-version":[{"id":648,"href":"https:\/\/www.medecinesymbolique.com\/en\/wp-json\/wp\/v2\/pages\/75\/revisions\/648"}],"wp:featuredmedia":[{"embeddable":true,"href":"https:\/\/www.medecinesymbolique.com\/en\/wp-json\/wp\/v2\/media\/61"}],"wp:attachment":[{"href":"https:\/\/www.medecinesymbolique.com\/en\/wp-json\/wp\/v2\/media?parent=75"}],"curies":[{"name":"wp","href":"https:\/\/api.w.org\/{rel}","templated":true}]}}